{"id":15086,"date":"2024-10-13T17:49:07","date_gmt":"2024-10-13T22:49:07","guid":{"rendered":"https:\/\/magiquetours.com\/?page_id=15086"},"modified":"2024-10-15T17:32:55","modified_gmt":"2024-10-15T22:32:55","slug":"travel-insurance","status":"publish","type":"page","link":"https:\/\/magiquetours.com\/fr\/travel-insurance\/","title":{"rendered":"Assurance voyage"},"content":{"rendered":"<div data-elementor-type=\"wp-page\" data-elementor-id=\"15086\" class=\"elementor elementor-15086\" data-elementor-post-type=\"page\">\n\t\t\t\t\t\t<section class=\"elementor-section elementor-top-section elementor-element elementor-element-0ee8aff elementor-section-stretched elementor-section-boxed elementor-section-height-default elementor-section-height-default\" data-id=\"0ee8aff\" data-element_type=\"section\" data-e-type=\"section\" data-settings=\"{&quot;stretch_section&quot;:&quot;section-stretched&quot;,&quot;background_background&quot;:&quot;classic&quot;}\">\n\t\t\t\t\t\t\t<div class=\"elementor-background-overlay\"><\/div>\n\t\t\t\t\t\t\t<div class=\"elementor-container elementor-column-gap-default\">\n\t\t\t\t\t<div class=\"elementor-column elementor-col-100 elementor-top-column elementor-element elementor-element-967c31a\" data-id=\"967c31a\" data-element_type=\"column\" data-e-type=\"column\">\n\t\t\t<div class=\"elementor-widget-wrap elementor-element-populated\">\n\t\t\t\t\t\t<div class=\"elementor-element elementor-element-f09920d elementor-widget elementor-widget-heading\" data-id=\"f09920d\" data-element_type=\"widget\" data-e-type=\"widget\" data-widget_type=\"heading.default\">\n\t\t\t\t<div class=\"elementor-widget-container\">\n\t\t\t\t\t<h1 class=\"elementor-heading-title elementor-size-default\">Assurance voyage<\/h1>\t\t\t\t<\/div>\n\t\t\t\t<\/div>\n\t\t\t\t\t<\/div>\n\t\t<\/div>\n\t\t\t\t\t<\/div>\n\t\t<\/section>\n\t\t<div class=\"elementor-element elementor-element-11905f0 e-flex e-con-boxed e-con e-parent\" data-id=\"11905f0\" data-element_type=\"container\" data-e-type=\"container\">\n\t\t\t\t\t<div class=\"e-con-inner\">\n\t\t<div class=\"elementor-element elementor-element-35540bd e-con-full e-flex e-con e-child\" data-id=\"35540bd\" data-element_type=\"container\" data-e-type=\"container\">\n\t\t\t\t<div class=\"elementor-element elementor-element-2b67071 elementor-widget elementor-widget-heading\" data-id=\"2b67071\" data-element_type=\"widget\" data-e-type=\"widget\" data-widget_type=\"heading.default\">\n\t\t\t\t<div class=\"elementor-widget-container\">\n\t\t\t\t\t<h3 class=\"elementor-heading-title elementor-size-default\">Assurance voyage<\/h3>\t\t\t\t<\/div>\n\t\t\t\t<\/div>\n\t\t\t\t<div class=\"elementor-element elementor-element-c70e75c elementor-widget elementor-widget-text-editor\" data-id=\"c70e75c\" data-element_type=\"widget\" data-e-type=\"widget\" data-widget_type=\"text-editor.default\">\n\t\t\t\t<div class=\"elementor-widget-container\">\n\t\t\t\t\t\t\t\t\t<p>Chez Magique Tours, nous proposons une <strong>service d&#039;assurance voyage complet<\/strong> pour vous offrir une tranquillit\u00e9 d&#039;esprit lors de vos d\u00e9placements. Nos formules d&#039;assurance voyage sont con\u00e7ues pour vous prot\u00e9ger des situations impr\u00e9vues, vous garantissant une exp\u00e9rience sans stress, que vous voyagiez pour le plaisir ou pour les affaires.<\/p><h3>Notre assurance voyage couvre :<\/h3><ul><li><strong>Frais m\u00e9dicaux<\/strong>:En cas de maladie ou de blessure pendant votre voyage, nous assurons la couverture des soins m\u00e9dicaux et d&#039;hospitalisation.<\/li><li><strong>Annulation ou interruption de voyage<\/strong>:Si votre voyage est annul\u00e9 ou \u00e9court\u00e9 en raison de circonstances impr\u00e9vues, vous pouvez r\u00e9cup\u00e9rer les d\u00e9penses non remboursables.<\/li><li><strong>Bagages perdus ou retard\u00e9s<\/strong>:Notre assurance pr\u00e9voit une indemnisation si vos bagages sont perdus, endommag\u00e9s ou retard\u00e9s.<\/li><li><strong>Aide d&#039;urgence<\/strong>:Nous offrons une assistance d&#039;urgence 24h\/24 et 7j\/7 pour vous aider \u00e0 g\u00e9rer toute crise pendant votre voyage.<\/li><\/ul><p>Avec l&#039;assurance voyage de Magique Tours, vous pouvez vous concentrer sur le plaisir de votre voyage, sachant que vous \u00eates couvert en cas d&#039;\u00e9v\u00e9nements impr\u00e9vus.<\/p>\t\t\t\t\t\t\t\t<\/div>\n\t\t\t\t<\/div>\n\t\t\t\t<\/div>\n\t\t<div class=\"elementor-element elementor-element-90472f6 e-con-full e-flex e-con e-child\" data-id=\"90472f6\" data-element_type=\"container\" data-e-type=\"container\">\n\t\t<div class=\"elementor-element elementor-element-54f9f0b e-con-full e-flex e-con e-child\" data-id=\"54f9f0b\" data-element_type=\"container\" data-e-type=\"container\">\n\t\t\t\t<div class=\"elementor-element elementor-element-0ba50ec elementor-widget elementor-widget-heading\" data-id=\"0ba50ec\" data-element_type=\"widget\" data-e-type=\"widget\" data-widget_type=\"heading.default\">\n\t\t\t\t<div class=\"elementor-widget-container\">\n\t\t\t\t\t<h2 class=\"elementor-heading-title elementor-size-default\">Contactez-nous<\/h2>\t\t\t\t<\/div>\n\t\t\t\t<\/div>\n\t\t\t\t<\/div>\n\t\t\t\t<div class=\"elementor-element elementor-element-fb627dd elementor-widget elementor-widget-shortcode\" data-id=\"fb627dd\" data-element_type=\"widget\" data-e-type=\"widget\" data-widget_type=\"shortcode.default\">\n\t\t\t\t<div class=\"elementor-widget-container\">\n\t\t\t\t\t\t\t<div class=\"elementor-shortcode\"><div class=\"forminator-ui forminator-custom-form forminator-custom-form-15082 forminator-design--default forminator-enclosed forminator_ajax\" data-forminator-render=\"0\" data-form=\"forminator-module-15082\" data-uid=\"69ea0a871ef21\"><br\/><\/div><form\n\t\t\t\tid=\"forminator-module-15082\"\n\t\t\t\tclass=\"forminator-ui forminator-custom-form forminator-custom-form-15082 forminator-design--default forminator-enclosed forminator_ajax\"\n\t\t\t\tmethod=\"post\"\n\t\t\t\tdata-forminator-render=\"0\"\n\t\t\t\tdata-form-id=\"15082\"\n\t\t\t\t data-color-option=\"default\" data-design=\"default\" data-grid=\"enclosed\" style=\"display: none;\"\n\t\t\t\tdata-uid=\"69ea0a871ef21\" action=\"\"\n\t\t\t><div role=\"alert\" aria-live=\"polite\" class=\"forminator-response-message forminator-error\" aria-hidden=\"true\"><\/div><div class=\"forminator-row\"><div id=\"name-1\" class=\"forminator-field-name forminator-col forminator-col-12\"><div class=\"forminator-field\"><label for=\"forminator-field-name-1_69ea0a871ef21\" id=\"forminator-field-name-1_69ea0a871ef21-label\" class=\"forminator-label\">Nom <span class=\"forminator-required\">*<\/span><\/label><input type=\"text\" name=\"name-1\" value=\"\" placeholder=\"\" id=\"forminator-field-name-1_69ea0a871ef21\" class=\"forminator-input forminator-name--field\" aria-required=\"true\" autocomplete=\"name\" \/><\/div><\/div><\/div><div class=\"forminator-row\"><div id=\"email-1\" class=\"forminator-field-email forminator-col forminator-col-12\"><div class=\"forminator-field\"><label for=\"forminator-field-email-1_69ea0a871ef21\" id=\"forminator-field-email-1_69ea0a871ef21-label\" class=\"forminator-label\">E-mail <span class=\"forminator-required\">*<\/span><\/label><input type=\"email\" name=\"email-1\" value=\"\" placeholder=\"\" id=\"forminator-field-email-1_69ea0a871ef21\" class=\"forminator-input forminator-email--field\" data-required=\"true\" aria-required=\"true\" autocomplete=\"email\" \/><\/div><\/div><\/div><div class=\"forminator-row\"><div id=\"phone-1\" class=\"forminator-field-phone forminator-col forminator-col-12\"><div class=\"forminator-field\"><label for=\"forminator-field-phone-1_69ea0a871ef21\" id=\"forminator-field-phone-1_69ea0a871ef21-label\" class=\"forminator-label\">T\u00e9l\u00e9phone<\/label><input type=\"text\" name=\"phone-1\" value=\"\" placeholder=\"\" id=\"forminator-field-phone-1_69ea0a871ef21\" class=\"forminator-input forminator-field--phone\" data-required=\"\" aria-required=\"false\" autocomplete=\"off\" \/><\/div><\/div><\/div><div class=\"forminator-row\"><div id=\"address-1\" class=\"forminator-field-address forminator-col forminator-col-12\"><div class=\"forminator-row\"><div id=\"address-1-street_address\" class=\"forminator-col\"><div class=\"forminator-field\"><input type=\"text\" name=\"address-1-street_address\" placeholder=\"\" id=\"forminator-field-address-1-street_address_69ea0a871ef21\" class=\"forminator-input\" data-required=\"\" aria-required=\"false\" autocomplete=\"address-line1\" value=\"\" \/><\/div><\/div><\/div><div class=\"forminator-row\" data-multiple=\"true\"><div id=\"address-1-city\" class=\"forminator-col forminator-col-6\"><div class=\"forminator-field\"><input type=\"text\" name=\"address-1-city\" placeholder=\"\" id=\"forminator-field-address-1-city_69ea0a871ef21\" class=\"forminator-input\" data-required=\"\" aria-required=\"false\" autocomplete=\"address-level2\" value=\"\" \/><\/div><\/div><div id=\"address-1-state\" class=\"forminator-col forminator-col-6\"><div class=\"forminator-field\"><input type=\"text\" name=\"address-1-state\" placeholder=\"\" id=\"forminator-field-address-1-state_69ea0a871ef21\" class=\"forminator-input\" data-required=\"\" aria-required=\"false\" autocomplete=\"address-level1\" value=\"\" \/><\/div><\/div><\/div><div class=\"forminator-row\" data-multiple=\"false\"><div id=\"address-1-zip\" class=\"forminator-col forminator-col-12\"><div class=\"forminator-field\"><label for=\"forminator-field-address-1-zip_69ea0a871ef21\" id=\"forminator-field-address-1-zip_69ea0a871ef21-label\" class=\"forminator-label\">Code postal<\/label><input type=\"text\" name=\"address-1-zip\" placeholder=\"\" id=\"forminator-field-address-1-zip_69ea0a871ef21\" class=\"forminator-input\" autocomplete=\"postal-code\" value=\"\" \/><\/div><\/div><\/div><\/div><\/div><div class=\"forminator-row\"><div id=\"textarea-1\" class=\"forminator-field-textarea forminator-col forminator-col-12\"><div class=\"forminator-field\"><label for=\"forminator-field-textarea-1_69ea0a871ef21\" id=\"forminator-field-textarea-1_69ea0a871ef21-label\" class=\"forminator-label\">Message<\/label><textarea name=\"textarea-1\" placeholder=\"Votre message\u2026\" id=\"forminator-field-textarea-1_69ea0a871ef21\" class=\"forminator-textarea\" rows=\"6\" style=\"--forminator-textarea-min-height:140px;\" maxlength=\"180\" ><\/textarea><span id=\"forminator-field-textarea-1_69ea0a871ef21-description\" class=\"forminator-description\"><span data-limit=\"180\" data-type=\"characters\" data-editor=\"\">0 \/ 180<\/span><\/span><\/div><\/div><\/div><div class=\"forminator-row\"><\/div><input type=\"hidden\" name=\"referer_url\" value=\"\" \/><div class=\"forminator-row forminator-row-last\"><div class=\"forminator-col\"><div class=\"forminator-field\"><button class=\"forminator-button forminator-button-submit\">Envoyer le message<\/button><\/div><\/div><\/div><input type=\"hidden\" id=\"forminator_nonce\" name=\"forminator_nonce\" value=\"d1976639a6\" \/><input type=\"hidden\" name=\"_wp_http_referer\" value=\"\/fr\/wp-json\/wp\/v2\/pages\/15086\" \/><input type=\"hidden\" name=\"form_id\" value=\"15082\"><input type=\"hidden\" name=\"page_id\" value=\"15086\"><input type=\"hidden\" name=\"form_type\" value=\"default\"><input type=\"hidden\" name=\"current_url\" value=\"https:\/\/magiquetours.com\/fr\/travel-insurance\/\"><input type=\"hidden\" name=\"render_id\" value=\"0\"><input type=\"hidden\" name=\"action\" value=\"forminator_submit_form_custom-forms\"><input type=\"hidden\" name=\"trp-form-language\" value=\"fr\"\/><\/form><\/div>\n\t\t\t\t\t\t<\/div>\n\t\t\t\t<\/div>\n\t\t\t\t<\/div>\n\t\t\t\t\t<\/div>\n\t\t\t\t<\/div>\n\t\t\t\t<\/div>","protected":false},"excerpt":{"rendered":"<p>Travel Insurance Travel Insurance At Magique Tours, we offer a comprehensive travel insurance service to give you peace of mind during your journeys. Our travel insurance plans are designed to protect you from unexpected situations, ensuring a stress-free experience whether you&#8217;re traveling for leisure or business. Our travel insurance covers: Medical expenses: In case of [&hellip;]<\/p>\n","protected":false},"author":4,"featured_media":0,"parent":0,"menu_order":0,"comment_status":"closed","ping_status":"closed","template":"","meta":{"nf_dc_page":"","inline_featured_image":false,"footnotes":""},"class_list":["post-15086","page","type-page","status-publish","hentry"],"yoast_head":"<!-- This site is optimized with the Yoast SEO plugin v27.4 - https:\/\/yoast.com\/product\/yoast-seo-wordpress\/ -->\n<title>Travel Insurance - Magique Tours<\/title>\n<meta name=\"robots\" content=\"index, follow, max-snippet:-1, max-image-preview:large, max-video-preview:-1\" \/>\n<link rel=\"canonical\" href=\"https:\/\/magiquetours.com\/fr\/travel-insurance\/\" \/>\n<meta property=\"og:locale\" content=\"fr_CA\" \/>\n<meta property=\"og:type\" content=\"article\" \/>\n<meta property=\"og:title\" content=\"Travel Insurance - Magique Tours\" \/>\n<meta property=\"og:description\" content=\"Travel Insurance Travel Insurance At Magique Tours, we offer a comprehensive travel insurance service to give you peace of mind during your journeys. Our travel insurance plans are designed to protect you from unexpected situations, ensuring a stress-free experience whether you&#8217;re traveling for leisure or business. Our travel insurance covers: Medical expenses: In case of [&hellip;]\" \/>\n<meta property=\"og:url\" content=\"https:\/\/magiquetours.com\/fr\/travel-insurance\/\" \/>\n<meta property=\"og:site_name\" content=\"Magique Tours\" \/>\n<meta property=\"article:modified_time\" content=\"2024-10-15T22:32:55+00:00\" \/>\n<meta name=\"twitter:card\" content=\"summary_large_image\" \/>\n<meta name=\"twitter:label1\" content=\"Estimation du temps de lecture\" \/>\n\t<meta name=\"twitter:data1\" content=\"1 minute\" \/>\n<script type=\"application\/ld+json\" class=\"yoast-schema-graph\">{\"@context\":\"https:\\\/\\\/schema.org\",\"@graph\":[{\"@type\":\"WebPage\",\"@id\":\"https:\\\/\\\/magiquetours.com\\\/travel-insurance\\\/\",\"url\":\"https:\\\/\\\/magiquetours.com\\\/travel-insurance\\\/\",\"name\":\"Travel Insurance - Magique Tours\",\"isPartOf\":{\"@id\":\"https:\\\/\\\/magiquetours.com\\\/#website\"},\"datePublished\":\"2024-10-13T22:49:07+00:00\",\"dateModified\":\"2024-10-15T22:32:55+00:00\",\"breadcrumb\":{\"@id\":\"https:\\\/\\\/magiquetours.com\\\/travel-insurance\\\/#breadcrumb\"},\"inLanguage\":\"fr-CA\",\"potentialAction\":[{\"@type\":\"ReadAction\",\"target\":[\"https:\\\/\\\/magiquetours.com\\\/travel-insurance\\\/\"]}]},{\"@type\":\"BreadcrumbList\",\"@id\":\"https:\\\/\\\/magiquetours.com\\\/travel-insurance\\\/#breadcrumb\",\"itemListElement\":[{\"@type\":\"ListItem\",\"position\":1,\"name\":\"Home\",\"item\":\"https:\\\/\\\/magiquetours.com\\\/\"},{\"@type\":\"ListItem\",\"position\":2,\"name\":\"Travel Insurance\"}]},{\"@type\":\"WebSite\",\"@id\":\"https:\\\/\\\/magiquetours.com\\\/#website\",\"url\":\"https:\\\/\\\/magiquetours.com\\\/\",\"name\":\"Magique Tours\",\"description\":\"Travel\",\"publisher\":{\"@id\":\"https:\\\/\\\/magiquetours.com\\\/#organization\"},\"potentialAction\":[{\"@type\":\"SearchAction\",\"target\":{\"@type\":\"EntryPoint\",\"urlTemplate\":\"https:\\\/\\\/magiquetours.com\\\/?s={search_term_string}\"},\"query-input\":{\"@type\":\"PropertyValueSpecification\",\"valueRequired\":true,\"valueName\":\"search_term_string\"}}],\"inLanguage\":\"fr-CA\"},{\"@type\":\"Organization\",\"@id\":\"https:\\\/\\\/magiquetours.com\\\/#organization\",\"name\":\"Magique Tours\",\"url\":\"https:\\\/\\\/magiquetours.com\\\/\",\"logo\":{\"@type\":\"ImageObject\",\"inLanguage\":\"fr-CA\",\"@id\":\"https:\\\/\\\/magiquetours.com\\\/#\\\/schema\\\/logo\\\/image\\\/\",\"url\":\"https:\\\/\\\/magiquetours.com\\\/wp-content\\\/uploads\\\/2023\\\/04\\\/logo_magique.png\",\"contentUrl\":\"https:\\\/\\\/magiquetours.com\\\/wp-content\\\/uploads\\\/2023\\\/04\\\/logo_magique.png\",\"width\":196,\"height\":200,\"caption\":\"Magique Tours\"},\"image\":{\"@id\":\"https:\\\/\\\/magiquetours.com\\\/#\\\/schema\\\/logo\\\/image\\\/\"}}]}<\/script>\n<!-- \/ Yoast SEO plugin. -->","yoast_head_json":{"title":"Travel Insurance - Magique Tours","robots":{"index":"index","follow":"follow","max-snippet":"max-snippet:-1","max-image-preview":"max-image-preview:large","max-video-preview":"max-video-preview:-1"},"canonical":"https:\/\/magiquetours.com\/fr\/travel-insurance\/","og_locale":"fr_CA","og_type":"article","og_title":"Travel Insurance - Magique Tours","og_description":"Travel Insurance Travel Insurance At Magique Tours, we offer a comprehensive travel insurance service to give you peace of mind during your journeys. Our travel insurance plans are designed to protect you from unexpected situations, ensuring a stress-free experience whether you&#8217;re traveling for leisure or business. Our travel insurance covers: Medical expenses: In case of [&hellip;]","og_url":"https:\/\/magiquetours.com\/fr\/travel-insurance\/","og_site_name":"Magique Tours","article_modified_time":"2024-10-15T22:32:55+00:00","twitter_card":"summary_large_image","twitter_misc":{"Estimation du temps de lecture":"1 minute"},"schema":{"@context":"https:\/\/schema.org","@graph":[{"@type":"WebPage","@id":"https:\/\/magiquetours.com\/travel-insurance\/","url":"https:\/\/magiquetours.com\/travel-insurance\/","name":"Travel Insurance - Magique Tours","isPartOf":{"@id":"https:\/\/magiquetours.com\/#website"},"datePublished":"2024-10-13T22:49:07+00:00","dateModified":"2024-10-15T22:32:55+00:00","breadcrumb":{"@id":"https:\/\/magiquetours.com\/travel-insurance\/#breadcrumb"},"inLanguage":"fr-CA","potentialAction":[{"@type":"ReadAction","target":["https:\/\/magiquetours.com\/travel-insurance\/"]}]},{"@type":"BreadcrumbList","@id":"https:\/\/magiquetours.com\/travel-insurance\/#breadcrumb","itemListElement":[{"@type":"ListItem","position":1,"name":"Home","item":"https:\/\/magiquetours.com\/"},{"@type":"ListItem","position":2,"name":"Travel Insurance"}]},{"@type":"WebSite","@id":"https:\/\/magiquetours.com\/#website","url":"https:\/\/magiquetours.com\/","name":"Magique Tours","description":"Voyage","publisher":{"@id":"https:\/\/magiquetours.com\/#organization"},"potentialAction":[{"@type":"SearchAction","target":{"@type":"EntryPoint","urlTemplate":"https:\/\/magiquetours.com\/?s={search_term_string}"},"query-input":{"@type":"PropertyValueSpecification","valueRequired":true,"valueName":"search_term_string"}}],"inLanguage":"fr-CA"},{"@type":"Organization","@id":"https:\/\/magiquetours.com\/#organization","name":"Magique Tours","url":"https:\/\/magiquetours.com\/","logo":{"@type":"ImageObject","inLanguage":"fr-CA","@id":"https:\/\/magiquetours.com\/#\/schema\/logo\/image\/","url":"https:\/\/magiquetours.com\/wp-content\/uploads\/2023\/04\/logo_magique.png","contentUrl":"https:\/\/magiquetours.com\/wp-content\/uploads\/2023\/04\/logo_magique.png","width":196,"height":200,"caption":"Magique Tours"},"image":{"@id":"https:\/\/magiquetours.com\/#\/schema\/logo\/image\/"}}]}},"_links":{"self":[{"href":"https:\/\/magiquetours.com\/fr\/wp-json\/wp\/v2\/pages\/15086","targetHints":{"allow":["GET"]}}],"collection":[{"href":"https:\/\/magiquetours.com\/fr\/wp-json\/wp\/v2\/pages"}],"about":[{"href":"https:\/\/magiquetours.com\/fr\/wp-json\/wp\/v2\/types\/page"}],"author":[{"embeddable":true,"href":"https:\/\/magiquetours.com\/fr\/wp-json\/wp\/v2\/users\/4"}],"replies":[{"embeddable":true,"href":"https:\/\/magiquetours.com\/fr\/wp-json\/wp\/v2\/comments?post=15086"}],"version-history":[{"count":4,"href":"https:\/\/magiquetours.com\/fr\/wp-json\/wp\/v2\/pages\/15086\/revisions"}],"predecessor-version":[{"id":15093,"href":"https:\/\/magiquetours.com\/fr\/wp-json\/wp\/v2\/pages\/15086\/revisions\/15093"}],"wp:attachment":[{"href":"https:\/\/magiquetours.com\/fr\/wp-json\/wp\/v2\/media?parent=15086"}],"curies":[{"name":"wp","href":"https:\/\/api.w.org\/{rel}","templated":true}]}}