{"id":15075,"date":"2024-10-13T17:49:07","date_gmt":"2024-10-13T22:49:07","guid":{"rendered":"https:\/\/magiquetours.com\/?page_id=15075"},"modified":"2024-10-15T17:14:51","modified_gmt":"2024-10-15T22:14:51","slug":"certified-copy","status":"publish","type":"page","link":"https:\/\/magiquetours.com\/fr\/certified-copy\/","title":{"rendered":"Copie certifi\u00e9e conforme"},"content":{"rendered":"<div data-elementor-type=\"wp-page\" data-elementor-id=\"15075\" class=\"elementor elementor-15075\" data-elementor-post-type=\"page\">\n\t\t\t\t\t\t<section class=\"elementor-section elementor-top-section elementor-element elementor-element-0ee8aff elementor-section-stretched elementor-section-boxed elementor-section-height-default elementor-section-height-default\" data-id=\"0ee8aff\" data-element_type=\"section\" data-e-type=\"section\" data-settings=\"{&quot;stretch_section&quot;:&quot;section-stretched&quot;,&quot;background_background&quot;:&quot;classic&quot;}\">\n\t\t\t\t\t\t\t<div class=\"elementor-background-overlay\"><\/div>\n\t\t\t\t\t\t\t<div class=\"elementor-container elementor-column-gap-default\">\n\t\t\t\t\t<div class=\"elementor-column elementor-col-100 elementor-top-column elementor-element elementor-element-967c31a\" data-id=\"967c31a\" data-element_type=\"column\" data-e-type=\"column\">\n\t\t\t<div class=\"elementor-widget-wrap elementor-element-populated\">\n\t\t\t\t\t\t<div class=\"elementor-element elementor-element-f09920d elementor-widget elementor-widget-heading\" data-id=\"f09920d\" data-element_type=\"widget\" data-e-type=\"widget\" data-widget_type=\"heading.default\">\n\t\t\t\t<div class=\"elementor-widget-container\">\n\t\t\t\t\t<h1 class=\"elementor-heading-title elementor-size-default\">Copie certifi\u00e9e conforme<\/h1>\t\t\t\t<\/div>\n\t\t\t\t<\/div>\n\t\t\t\t\t<\/div>\n\t\t<\/div>\n\t\t\t\t\t<\/div>\n\t\t<\/section>\n\t\t<div class=\"elementor-element elementor-element-11905f0 e-flex e-con-boxed e-con e-parent\" data-id=\"11905f0\" data-element_type=\"container\" data-e-type=\"container\">\n\t\t\t\t\t<div class=\"e-con-inner\">\n\t\t<div class=\"elementor-element elementor-element-35540bd e-con-full e-flex e-con e-child\" data-id=\"35540bd\" data-element_type=\"container\" data-e-type=\"container\">\n\t\t\t\t<div class=\"elementor-element elementor-element-2b67071 elementor-widget elementor-widget-heading\" data-id=\"2b67071\" data-element_type=\"widget\" data-e-type=\"widget\" data-widget_type=\"heading.default\">\n\t\t\t\t<div class=\"elementor-widget-container\">\n\t\t\t\t\t<h3 class=\"elementor-heading-title elementor-size-default\">Copie certifi\u00e9e conforme<\/h3>\t\t\t\t<\/div>\n\t\t\t\t<\/div>\n\t\t\t\t<div class=\"elementor-element elementor-element-c70e75c elementor-widget elementor-widget-text-editor\" data-id=\"c70e75c\" data-element_type=\"widget\" data-e-type=\"widget\" data-widget_type=\"text-editor.default\">\n\t\t\t\t<div class=\"elementor-widget-container\">\n\t\t\t\t\t\t\t\t\t<p>Chez Magique Tours, nous proposons \u00e9galement une <strong>service de copie certifi\u00e9e conforme<\/strong> pour tous vos documents officiels. Ce service vous permet d&#039;obtenir des copies certifi\u00e9es conformes de vos documents originaux, souvent n\u00e9cessaires pour des d\u00e9marches administratives, des demandes de visa ou d&#039;autres d\u00e9marches juridiques.<\/p><h3>Notre service comprend:<\/h3><ul><li><strong>V\u00e9rification des documents originaux<\/strong>:Nous v\u00e9rifions soigneusement vos documents originaux avant de produire des copies certifi\u00e9es conformes.<\/li><li><strong>Acceptation internationale<\/strong>:Nos copies certifi\u00e9es conformes sont reconnues et accept\u00e9es par les ambassades, consulats et autres institutions officielles.<\/li><li><strong>Service rapide et efficace<\/strong>:Nous assurons une intervention rapide pour r\u00e9pondre \u00e0 vos besoins urgents.<\/li><li><strong>Confidentialit\u00e9 garantie<\/strong>:Vos documents sont trait\u00e9s avec le plus grand soin et la plus grande confidentialit\u00e9.<\/li><\/ul><p>Faites confiance \u00e0 Magique Tours pour assurer la validit\u00e9 et la conformit\u00e9 de vos copies certifi\u00e9es conformes, facilitant ainsi vos d\u00e9marches administratives.<\/p>\t\t\t\t\t\t\t\t<\/div>\n\t\t\t\t<\/div>\n\t\t\t\t<\/div>\n\t\t<div class=\"elementor-element elementor-element-90472f6 e-con-full e-flex e-con e-child\" data-id=\"90472f6\" data-element_type=\"container\" data-e-type=\"container\">\n\t\t<div class=\"elementor-element elementor-element-54f9f0b e-con-full e-flex e-con e-child\" data-id=\"54f9f0b\" data-element_type=\"container\" data-e-type=\"container\">\n\t\t\t\t<div class=\"elementor-element elementor-element-0ba50ec elementor-widget elementor-widget-heading\" data-id=\"0ba50ec\" data-element_type=\"widget\" data-e-type=\"widget\" data-widget_type=\"heading.default\">\n\t\t\t\t<div class=\"elementor-widget-container\">\n\t\t\t\t\t<h2 class=\"elementor-heading-title elementor-size-default\">Contactez-nous<\/h2>\t\t\t\t<\/div>\n\t\t\t\t<\/div>\n\t\t\t\t<\/div>\n\t\t\t\t<div class=\"elementor-element elementor-element-fb627dd elementor-widget elementor-widget-shortcode\" data-id=\"fb627dd\" data-element_type=\"widget\" data-e-type=\"widget\" data-widget_type=\"shortcode.default\">\n\t\t\t\t<div class=\"elementor-widget-container\">\n\t\t\t\t\t\t\t<div class=\"elementor-shortcode\"><div class=\"forminator-ui forminator-custom-form forminator-custom-form-15082 forminator-design--default forminator-enclosed forminator_ajax\" data-forminator-render=\"0\" data-form=\"forminator-module-15082\" data-uid=\"69ea06c50cec3\"><br\/><\/div><form\n\t\t\t\tid=\"forminator-module-15082\"\n\t\t\t\tclass=\"forminator-ui forminator-custom-form forminator-custom-form-15082 forminator-design--default forminator-enclosed forminator_ajax\"\n\t\t\t\tmethod=\"post\"\n\t\t\t\tdata-forminator-render=\"0\"\n\t\t\t\tdata-form-id=\"15082\"\n\t\t\t\t data-color-option=\"default\" data-design=\"default\" data-grid=\"enclosed\" style=\"display: none;\"\n\t\t\t\tdata-uid=\"69ea06c50cec3\" action=\"\"\n\t\t\t><div role=\"alert\" aria-live=\"polite\" class=\"forminator-response-message forminator-error\" aria-hidden=\"true\"><\/div><div class=\"forminator-row\"><div id=\"name-1\" class=\"forminator-field-name forminator-col forminator-col-12\"><div class=\"forminator-field\"><label for=\"forminator-field-name-1_69ea06c50cec3\" id=\"forminator-field-name-1_69ea06c50cec3-label\" class=\"forminator-label\">Nom <span class=\"forminator-required\">*<\/span><\/label><input type=\"text\" name=\"name-1\" value=\"\" placeholder=\"\" id=\"forminator-field-name-1_69ea06c50cec3\" class=\"forminator-input forminator-name--field\" aria-required=\"true\" autocomplete=\"name\" \/><\/div><\/div><\/div><div class=\"forminator-row\"><div id=\"email-1\" class=\"forminator-field-email forminator-col forminator-col-12\"><div class=\"forminator-field\"><label for=\"forminator-field-email-1_69ea06c50cec3\" id=\"forminator-field-email-1_69ea06c50cec3-label\" class=\"forminator-label\">E-mail <span class=\"forminator-required\">*<\/span><\/label><input type=\"email\" name=\"email-1\" value=\"\" placeholder=\"\" id=\"forminator-field-email-1_69ea06c50cec3\" class=\"forminator-input forminator-email--field\" data-required=\"true\" aria-required=\"true\" autocomplete=\"email\" \/><\/div><\/div><\/div><div class=\"forminator-row\"><div id=\"phone-1\" class=\"forminator-field-phone forminator-col forminator-col-12\"><div class=\"forminator-field\"><label for=\"forminator-field-phone-1_69ea06c50cec3\" id=\"forminator-field-phone-1_69ea06c50cec3-label\" class=\"forminator-label\">T\u00e9l\u00e9phone<\/label><input type=\"text\" name=\"phone-1\" value=\"\" placeholder=\"\" id=\"forminator-field-phone-1_69ea06c50cec3\" class=\"forminator-input forminator-field--phone\" data-required=\"\" aria-required=\"false\" autocomplete=\"off\" \/><\/div><\/div><\/div><div class=\"forminator-row\"><div id=\"address-1\" class=\"forminator-field-address forminator-col forminator-col-12\"><div class=\"forminator-row\"><div id=\"address-1-street_address\" class=\"forminator-col\"><div class=\"forminator-field\"><input type=\"text\" name=\"address-1-street_address\" placeholder=\"\" id=\"forminator-field-address-1-street_address_69ea06c50cec3\" class=\"forminator-input\" data-required=\"\" aria-required=\"false\" autocomplete=\"address-line1\" value=\"\" \/><\/div><\/div><\/div><div class=\"forminator-row\" data-multiple=\"true\"><div id=\"address-1-city\" class=\"forminator-col forminator-col-6\"><div class=\"forminator-field\"><input type=\"text\" name=\"address-1-city\" placeholder=\"\" id=\"forminator-field-address-1-city_69ea06c50cec3\" class=\"forminator-input\" data-required=\"\" aria-required=\"false\" autocomplete=\"address-level2\" value=\"\" \/><\/div><\/div><div id=\"address-1-state\" class=\"forminator-col forminator-col-6\"><div class=\"forminator-field\"><input type=\"text\" name=\"address-1-state\" placeholder=\"\" id=\"forminator-field-address-1-state_69ea06c50cec3\" class=\"forminator-input\" data-required=\"\" aria-required=\"false\" autocomplete=\"address-level1\" value=\"\" \/><\/div><\/div><\/div><div class=\"forminator-row\" data-multiple=\"false\"><div id=\"address-1-zip\" class=\"forminator-col forminator-col-12\"><div class=\"forminator-field\"><label for=\"forminator-field-address-1-zip_69ea06c50cec3\" id=\"forminator-field-address-1-zip_69ea06c50cec3-label\" class=\"forminator-label\">Code postal<\/label><input type=\"text\" name=\"address-1-zip\" placeholder=\"\" id=\"forminator-field-address-1-zip_69ea06c50cec3\" class=\"forminator-input\" autocomplete=\"postal-code\" value=\"\" \/><\/div><\/div><\/div><\/div><\/div><div class=\"forminator-row\"><div id=\"textarea-1\" class=\"forminator-field-textarea forminator-col forminator-col-12\"><div class=\"forminator-field\"><label for=\"forminator-field-textarea-1_69ea06c50cec3\" id=\"forminator-field-textarea-1_69ea06c50cec3-label\" class=\"forminator-label\">Message<\/label><textarea name=\"textarea-1\" placeholder=\"Votre message\u2026\" id=\"forminator-field-textarea-1_69ea06c50cec3\" class=\"forminator-textarea\" rows=\"6\" style=\"--forminator-textarea-min-height:140px;\" maxlength=\"180\" ><\/textarea><span id=\"forminator-field-textarea-1_69ea06c50cec3-description\" class=\"forminator-description\"><span data-limit=\"180\" data-type=\"characters\" data-editor=\"\">0 \/ 180<\/span><\/span><\/div><\/div><\/div><div class=\"forminator-row\"><\/div><input type=\"hidden\" name=\"referer_url\" value=\"\" \/><div class=\"forminator-row forminator-row-last\"><div class=\"forminator-col\"><div class=\"forminator-field\"><button class=\"forminator-button forminator-button-submit\">Envoyer le message<\/button><\/div><\/div><\/div><input type=\"hidden\" id=\"forminator_nonce\" name=\"forminator_nonce\" value=\"455f7a31bc\" \/><input type=\"hidden\" name=\"_wp_http_referer\" value=\"\/fr\/wp-json\/wp\/v2\/pages\/15075\" \/><input type=\"hidden\" name=\"form_id\" value=\"15082\"><input type=\"hidden\" name=\"page_id\" value=\"15075\"><input type=\"hidden\" name=\"form_type\" value=\"default\"><input type=\"hidden\" name=\"current_url\" value=\"https:\/\/magiquetours.com\/fr\/certified-copy\/\"><input type=\"hidden\" name=\"render_id\" value=\"0\"><input type=\"hidden\" name=\"action\" value=\"forminator_submit_form_custom-forms\"><input type=\"hidden\" name=\"trp-form-language\" value=\"fr\"\/><\/form><\/div>\n\t\t\t\t\t\t<\/div>\n\t\t\t\t<\/div>\n\t\t\t\t<\/div>\n\t\t\t\t\t<\/div>\n\t\t\t\t<\/div>\n\t\t\t\t<\/div>","protected":false},"excerpt":{"rendered":"<p>Certified copy Certified copy\u200b At Magique Tours, we also offer a certified copy service for all your official documents. This service allows you to obtain certified true copies of your original documents, often required for administrative procedures, visa applications, or other legal processes. Our service includes: Verification of original documents: We carefully check your original [&hellip;]<\/p>\n","protected":false},"author":4,"featured_media":0,"parent":0,"menu_order":0,"comment_status":"closed","ping_status":"closed","template":"","meta":{"nf_dc_page":"","inline_featured_image":false,"footnotes":""},"class_list":["post-15075","page","type-page","status-publish","hentry"],"yoast_head":"<!-- This site is optimized with the Yoast SEO plugin v27.4 - https:\/\/yoast.com\/product\/yoast-seo-wordpress\/ -->\n<title>Certified copy - Magique Tours<\/title>\n<meta name=\"robots\" content=\"index, follow, max-snippet:-1, max-image-preview:large, max-video-preview:-1\" \/>\n<link rel=\"canonical\" href=\"https:\/\/magiquetours.com\/fr\/certified-copy\/\" \/>\n<meta property=\"og:locale\" content=\"fr_CA\" \/>\n<meta property=\"og:type\" content=\"article\" \/>\n<meta property=\"og:title\" content=\"Certified copy - Magique Tours\" \/>\n<meta property=\"og:description\" content=\"Certified copy Certified copy\u200b At Magique Tours, we also offer a certified copy service for all your official documents. This service allows you to obtain certified true copies of your original documents, often required for administrative procedures, visa applications, or other legal processes. Our service includes: Verification of original documents: We carefully check your original [&hellip;]\" \/>\n<meta property=\"og:url\" content=\"https:\/\/magiquetours.com\/fr\/certified-copy\/\" \/>\n<meta property=\"og:site_name\" content=\"Magique Tours\" \/>\n<meta property=\"article:modified_time\" content=\"2024-10-15T22:14:51+00:00\" \/>\n<meta name=\"twitter:card\" content=\"summary_large_image\" \/>\n<meta name=\"twitter:label1\" content=\"Estimation du temps de lecture\" \/>\n\t<meta name=\"twitter:data1\" content=\"1 minute\" \/>\n<script type=\"application\/ld+json\" class=\"yoast-schema-graph\">{\"@context\":\"https:\\\/\\\/schema.org\",\"@graph\":[{\"@type\":\"WebPage\",\"@id\":\"https:\\\/\\\/magiquetours.com\\\/certified-copy\\\/\",\"url\":\"https:\\\/\\\/magiquetours.com\\\/certified-copy\\\/\",\"name\":\"Certified copy - Magique Tours\",\"isPartOf\":{\"@id\":\"https:\\\/\\\/magiquetours.com\\\/#website\"},\"datePublished\":\"2024-10-13T22:49:07+00:00\",\"dateModified\":\"2024-10-15T22:14:51+00:00\",\"breadcrumb\":{\"@id\":\"https:\\\/\\\/magiquetours.com\\\/certified-copy\\\/#breadcrumb\"},\"inLanguage\":\"fr-CA\",\"potentialAction\":[{\"@type\":\"ReadAction\",\"target\":[\"https:\\\/\\\/magiquetours.com\\\/certified-copy\\\/\"]}]},{\"@type\":\"BreadcrumbList\",\"@id\":\"https:\\\/\\\/magiquetours.com\\\/certified-copy\\\/#breadcrumb\",\"itemListElement\":[{\"@type\":\"ListItem\",\"position\":1,\"name\":\"Home\",\"item\":\"https:\\\/\\\/magiquetours.com\\\/\"},{\"@type\":\"ListItem\",\"position\":2,\"name\":\"Certified copy\"}]},{\"@type\":\"WebSite\",\"@id\":\"https:\\\/\\\/magiquetours.com\\\/#website\",\"url\":\"https:\\\/\\\/magiquetours.com\\\/\",\"name\":\"Magique Tours\",\"description\":\"Travel\",\"publisher\":{\"@id\":\"https:\\\/\\\/magiquetours.com\\\/#organization\"},\"potentialAction\":[{\"@type\":\"SearchAction\",\"target\":{\"@type\":\"EntryPoint\",\"urlTemplate\":\"https:\\\/\\\/magiquetours.com\\\/?s={search_term_string}\"},\"query-input\":{\"@type\":\"PropertyValueSpecification\",\"valueRequired\":true,\"valueName\":\"search_term_string\"}}],\"inLanguage\":\"fr-CA\"},{\"@type\":\"Organization\",\"@id\":\"https:\\\/\\\/magiquetours.com\\\/#organization\",\"name\":\"Magique Tours\",\"url\":\"https:\\\/\\\/magiquetours.com\\\/\",\"logo\":{\"@type\":\"ImageObject\",\"inLanguage\":\"fr-CA\",\"@id\":\"https:\\\/\\\/magiquetours.com\\\/#\\\/schema\\\/logo\\\/image\\\/\",\"url\":\"https:\\\/\\\/magiquetours.com\\\/wp-content\\\/uploads\\\/2023\\\/04\\\/logo_magique.png\",\"contentUrl\":\"https:\\\/\\\/magiquetours.com\\\/wp-content\\\/uploads\\\/2023\\\/04\\\/logo_magique.png\",\"width\":196,\"height\":200,\"caption\":\"Magique Tours\"},\"image\":{\"@id\":\"https:\\\/\\\/magiquetours.com\\\/#\\\/schema\\\/logo\\\/image\\\/\"}}]}<\/script>\n<!-- \/ Yoast SEO plugin. -->","yoast_head_json":{"title":"Certified copy - Magique Tours","robots":{"index":"index","follow":"follow","max-snippet":"max-snippet:-1","max-image-preview":"max-image-preview:large","max-video-preview":"max-video-preview:-1"},"canonical":"https:\/\/magiquetours.com\/fr\/certified-copy\/","og_locale":"fr_CA","og_type":"article","og_title":"Certified copy - Magique Tours","og_description":"Certified copy Certified copy\u200b At Magique Tours, we also offer a certified copy service for all your official documents. This service allows you to obtain certified true copies of your original documents, often required for administrative procedures, visa applications, or other legal processes. Our service includes: Verification of original documents: We carefully check your original [&hellip;]","og_url":"https:\/\/magiquetours.com\/fr\/certified-copy\/","og_site_name":"Magique Tours","article_modified_time":"2024-10-15T22:14:51+00:00","twitter_card":"summary_large_image","twitter_misc":{"Estimation du temps de lecture":"1 minute"},"schema":{"@context":"https:\/\/schema.org","@graph":[{"@type":"WebPage","@id":"https:\/\/magiquetours.com\/certified-copy\/","url":"https:\/\/magiquetours.com\/certified-copy\/","name":"Certified copy - Magique Tours","isPartOf":{"@id":"https:\/\/magiquetours.com\/#website"},"datePublished":"2024-10-13T22:49:07+00:00","dateModified":"2024-10-15T22:14:51+00:00","breadcrumb":{"@id":"https:\/\/magiquetours.com\/certified-copy\/#breadcrumb"},"inLanguage":"fr-CA","potentialAction":[{"@type":"ReadAction","target":["https:\/\/magiquetours.com\/certified-copy\/"]}]},{"@type":"BreadcrumbList","@id":"https:\/\/magiquetours.com\/certified-copy\/#breadcrumb","itemListElement":[{"@type":"ListItem","position":1,"name":"Home","item":"https:\/\/magiquetours.com\/"},{"@type":"ListItem","position":2,"name":"Certified copy"}]},{"@type":"WebSite","@id":"https:\/\/magiquetours.com\/#website","url":"https:\/\/magiquetours.com\/","name":"Magique Tours","description":"Voyage","publisher":{"@id":"https:\/\/magiquetours.com\/#organization"},"potentialAction":[{"@type":"SearchAction","target":{"@type":"EntryPoint","urlTemplate":"https:\/\/magiquetours.com\/?s={search_term_string}"},"query-input":{"@type":"PropertyValueSpecification","valueRequired":true,"valueName":"search_term_string"}}],"inLanguage":"fr-CA"},{"@type":"Organization","@id":"https:\/\/magiquetours.com\/#organization","name":"Magique Tours","url":"https:\/\/magiquetours.com\/","logo":{"@type":"ImageObject","inLanguage":"fr-CA","@id":"https:\/\/magiquetours.com\/#\/schema\/logo\/image\/","url":"https:\/\/magiquetours.com\/wp-content\/uploads\/2023\/04\/logo_magique.png","contentUrl":"https:\/\/magiquetours.com\/wp-content\/uploads\/2023\/04\/logo_magique.png","width":196,"height":200,"caption":"Magique Tours"},"image":{"@id":"https:\/\/magiquetours.com\/#\/schema\/logo\/image\/"}}]}},"_links":{"self":[{"href":"https:\/\/magiquetours.com\/fr\/wp-json\/wp\/v2\/pages\/15075","targetHints":{"allow":["GET"]}}],"collection":[{"href":"https:\/\/magiquetours.com\/fr\/wp-json\/wp\/v2\/pages"}],"about":[{"href":"https:\/\/magiquetours.com\/fr\/wp-json\/wp\/v2\/types\/page"}],"author":[{"embeddable":true,"href":"https:\/\/magiquetours.com\/fr\/wp-json\/wp\/v2\/users\/4"}],"replies":[{"embeddable":true,"href":"https:\/\/magiquetours.com\/fr\/wp-json\/wp\/v2\/comments?post=15075"}],"version-history":[{"count":7,"href":"https:\/\/magiquetours.com\/fr\/wp-json\/wp\/v2\/pages\/15075\/revisions"}],"predecessor-version":[{"id":15085,"href":"https:\/\/magiquetours.com\/fr\/wp-json\/wp\/v2\/pages\/15075\/revisions\/15085"}],"wp:attachment":[{"href":"https:\/\/magiquetours.com\/fr\/wp-json\/wp\/v2\/media?parent=15075"}],"curies":[{"name":"wp","href":"https:\/\/api.w.org\/{rel}","templated":true}]}}