{"id":15054,"date":"2024-10-13T17:49:07","date_gmt":"2024-10-13T22:49:07","guid":{"rendered":"https:\/\/magiquetours.com\/?page_id=15054"},"modified":"2024-10-18T09:09:25","modified_gmt":"2024-10-18T14:09:25","slug":"translation-2","status":"publish","type":"page","link":"https:\/\/magiquetours.com\/fr\/translation-2\/","title":{"rendered":"Traduction"},"content":{"rendered":"<div data-elementor-type=\"wp-page\" data-elementor-id=\"15054\" class=\"elementor elementor-15054\" data-elementor-post-type=\"page\">\n\t\t\t\t\t\t<section class=\"elementor-section elementor-top-section elementor-element elementor-element-0ee8aff elementor-section-stretched elementor-section-boxed elementor-section-height-default elementor-section-height-default\" data-id=\"0ee8aff\" data-element_type=\"section\" data-e-type=\"section\" data-settings=\"{&quot;stretch_section&quot;:&quot;section-stretched&quot;,&quot;background_background&quot;:&quot;classic&quot;}\">\n\t\t\t\t\t\t\t<div class=\"elementor-background-overlay\"><\/div>\n\t\t\t\t\t\t\t<div class=\"elementor-container elementor-column-gap-default\">\n\t\t\t\t\t<div class=\"elementor-column elementor-col-100 elementor-top-column elementor-element elementor-element-967c31a\" data-id=\"967c31a\" data-element_type=\"column\" data-e-type=\"column\">\n\t\t\t<div class=\"elementor-widget-wrap elementor-element-populated\">\n\t\t\t\t\t\t<div class=\"elementor-element elementor-element-f09920d elementor-widget elementor-widget-heading\" data-id=\"f09920d\" data-element_type=\"widget\" data-e-type=\"widget\" data-widget_type=\"heading.default\">\n\t\t\t\t<div class=\"elementor-widget-container\">\n\t\t\t\t\t<h1 class=\"elementor-heading-title elementor-size-default\">Traduction<\/h1>\t\t\t\t<\/div>\n\t\t\t\t<\/div>\n\t\t\t\t\t<\/div>\n\t\t<\/div>\n\t\t\t\t\t<\/div>\n\t\t<\/section>\n\t\t<div class=\"elementor-element elementor-element-11905f0 e-flex e-con-boxed e-con e-parent\" data-id=\"11905f0\" data-element_type=\"container\" data-e-type=\"container\">\n\t\t\t\t\t<div class=\"e-con-inner\">\n\t\t<div class=\"elementor-element elementor-element-35540bd e-con-full e-flex e-con e-child\" data-id=\"35540bd\" data-element_type=\"container\" data-e-type=\"container\">\n\t\t\t\t<div class=\"elementor-element elementor-element-c70e75c elementor-widget elementor-widget-text-editor\" data-id=\"c70e75c\" data-element_type=\"widget\" data-e-type=\"widget\" data-widget_type=\"text-editor.default\">\n\t\t\t\t<div class=\"elementor-widget-container\">\n\t\t\t\t\t\t\t\t\t<p>Chez Magique Tours, nous proposons \u00e9galement une <strong>service de traduction professionnel<\/strong> pour vous aider avec vos documents de voyage et bien plus encore. Que vous ayez besoin de traduire des documents personnels pour des demandes de visa, des documents officiels ou tout autre document, nos traducteurs experts garantissent pr\u00e9cision et confidentialit\u00e9.<\/p><h3>Notre service de traduction comprend :<\/h3><ul><li><strong>Visa et documents d&#039;immigration<\/strong>:Nous sommes sp\u00e9cialis\u00e9s dans la traduction de documents requis pour le traitement des visas, tels que les certificats de naissance, les certificats de mariage, les dipl\u00f4mes et autres documents juridiques.<\/li><li><strong>Rapide et fiable<\/strong>:Notre \u00e9quipe offre des d\u00e9lais d&#039;ex\u00e9cution rapides tout en maintenant des traductions de haute qualit\u00e9, garantissant que vos documents sont pr\u00eats lorsque vous en avez besoin.<\/li><li><strong>Traductions certifi\u00e9es<\/strong>:Nous proposons des traductions certifi\u00e9es qui sont accept\u00e9es par les ambassades, les consulats et autres institutions officielles dans le monde entier.<\/li><li><strong>Expertise multilingue<\/strong>:Nos traducteurs qualifi\u00e9s couvrent un large \u00e9ventail de langues, vous permettant de communiquer efficacement o\u00f9 que vous voyagiez.<\/li><\/ul><p>Avec Magique Tours, vous pouvez \u00eatre s\u00fbr que vos traductions seront trait\u00e9es avec le plus grand soin et le plus grand professionnalisme, garantissant ainsi un voyage international fluide et sans tracas.<\/p>\t\t\t\t\t\t\t\t<\/div>\n\t\t\t\t<\/div>\n\t\t\t\t<\/div>\n\t\t<div class=\"elementor-element elementor-element-90472f6 e-con-full e-flex e-con e-child\" data-id=\"90472f6\" data-element_type=\"container\" data-e-type=\"container\">\n\t\t<div class=\"elementor-element elementor-element-54f9f0b e-con-full e-flex e-con e-child\" data-id=\"54f9f0b\" data-element_type=\"container\" data-e-type=\"container\">\n\t\t\t\t<div class=\"elementor-element elementor-element-0ba50ec elementor-widget elementor-widget-heading\" data-id=\"0ba50ec\" data-element_type=\"widget\" data-e-type=\"widget\" data-widget_type=\"heading.default\">\n\t\t\t\t<div class=\"elementor-widget-container\">\n\t\t\t\t\t<h2 class=\"elementor-heading-title elementor-size-default\">Contactez-nous<\/h2>\t\t\t\t<\/div>\n\t\t\t\t<\/div>\n\t\t\t\t<\/div>\n\t\t\t\t<div class=\"elementor-element elementor-element-fb627dd elementor-widget elementor-widget-shortcode\" data-id=\"fb627dd\" data-element_type=\"widget\" data-e-type=\"widget\" data-widget_type=\"shortcode.default\">\n\t\t\t\t<div class=\"elementor-widget-container\">\n\t\t\t\t\t\t\t<div class=\"elementor-shortcode\"><div class=\"forminator-ui forminator-custom-form forminator-custom-form-15064 forminator-design--default forminator-enclosed forminator_ajax\" data-forminator-render=\"0\" data-form=\"forminator-module-15064\" data-uid=\"69ea1e9acae2e\"><br\/><\/div><form\n\t\t\t\tid=\"forminator-module-15064\"\n\t\t\t\tclass=\"forminator-ui forminator-custom-form forminator-custom-form-15064 forminator-design--default forminator-enclosed forminator_ajax\"\n\t\t\t\tmethod=\"post\"\n\t\t\t\tdata-forminator-render=\"0\"\n\t\t\t\tdata-form-id=\"15064\"\n\t\t\t\t data-color-option=\"default\" data-design=\"default\" data-grid=\"enclosed\" style=\"display: none;\"\n\t\t\t\tdata-uid=\"69ea1e9acae2e\" action=\"\"\n\t\t\t><div role=\"alert\" aria-live=\"polite\" class=\"forminator-response-message forminator-error\" aria-hidden=\"true\"><\/div><div class=\"forminator-row\"><div id=\"name-1\" class=\"forminator-field-name forminator-col forminator-col-12\"><div class=\"forminator-field\"><label for=\"forminator-field-name-1_69ea1e9acae2e\" id=\"forminator-field-name-1_69ea1e9acae2e-label\" class=\"forminator-label\">Nom <span class=\"forminator-required\">*<\/span><\/label><input type=\"text\" name=\"name-1\" value=\"\" placeholder=\"\" id=\"forminator-field-name-1_69ea1e9acae2e\" class=\"forminator-input forminator-name--field\" aria-required=\"true\" autocomplete=\"name\" \/><\/div><\/div><\/div><div class=\"forminator-row\"><div id=\"email-1\" class=\"forminator-field-email forminator-col forminator-col-12\"><div class=\"forminator-field\"><label for=\"forminator-field-email-1_69ea1e9acae2e\" id=\"forminator-field-email-1_69ea1e9acae2e-label\" class=\"forminator-label\">E-mail <span class=\"forminator-required\">*<\/span><\/label><input type=\"email\" name=\"email-1\" value=\"\" placeholder=\"\" id=\"forminator-field-email-1_69ea1e9acae2e\" class=\"forminator-input forminator-email--field\" data-required=\"true\" aria-required=\"true\" autocomplete=\"email\" \/><\/div><\/div><\/div><div class=\"forminator-row\"><div id=\"phone-1\" class=\"forminator-field-phone forminator-col forminator-col-12\"><div class=\"forminator-field\"><label for=\"forminator-field-phone-1_69ea1e9acae2e\" id=\"forminator-field-phone-1_69ea1e9acae2e-label\" class=\"forminator-label\">T\u00e9l\u00e9phone<\/label><input type=\"text\" name=\"phone-1\" value=\"\" placeholder=\"\" id=\"forminator-field-phone-1_69ea1e9acae2e\" class=\"forminator-input forminator-field--phone\" data-required=\"\" aria-required=\"false\" autocomplete=\"off\" \/><\/div><\/div><\/div><div class=\"forminator-row\"><div id=\"address-1\" class=\"forminator-field-address forminator-col forminator-col-12\"><div class=\"forminator-row\"><div id=\"address-1-street_address\" class=\"forminator-col\"><div class=\"forminator-field\"><input type=\"text\" name=\"address-1-street_address\" placeholder=\"\" id=\"forminator-field-address-1-street_address_69ea1e9acae2e\" class=\"forminator-input\" data-required=\"\" aria-required=\"false\" autocomplete=\"address-line1\" value=\"\" \/><\/div><\/div><\/div><div class=\"forminator-row\" data-multiple=\"true\"><div id=\"address-1-city\" class=\"forminator-col forminator-col-6\"><div class=\"forminator-field\"><input type=\"text\" name=\"address-1-city\" placeholder=\"\" id=\"forminator-field-address-1-city_69ea1e9acae2e\" class=\"forminator-input\" data-required=\"\" aria-required=\"false\" autocomplete=\"address-level2\" value=\"\" \/><\/div><\/div><div id=\"address-1-state\" class=\"forminator-col forminator-col-6\"><div class=\"forminator-field\"><input type=\"text\" name=\"address-1-state\" placeholder=\"\" id=\"forminator-field-address-1-state_69ea1e9acae2e\" class=\"forminator-input\" data-required=\"\" aria-required=\"false\" autocomplete=\"address-level1\" value=\"\" \/><\/div><\/div><\/div><div class=\"forminator-row\" data-multiple=\"false\"><div id=\"address-1-zip\" class=\"forminator-col forminator-col-12\"><div class=\"forminator-field\"><label for=\"forminator-field-address-1-zip_69ea1e9acae2e\" id=\"forminator-field-address-1-zip_69ea1e9acae2e-label\" class=\"forminator-label\">Code postal<\/label><input type=\"text\" name=\"address-1-zip\" placeholder=\"\" id=\"forminator-field-address-1-zip_69ea1e9acae2e\" class=\"forminator-input\" autocomplete=\"postal-code\" value=\"\" \/><\/div><\/div><\/div><\/div><\/div><div class=\"forminator-row\"><div id=\"textarea-1\" class=\"forminator-field-textarea forminator-col forminator-col-12\"><div class=\"forminator-field\"><label for=\"forminator-field-textarea-1_69ea1e9acae2e\" id=\"forminator-field-textarea-1_69ea1e9acae2e-label\" class=\"forminator-label\">Message<\/label><textarea name=\"textarea-1\" placeholder=\"Votre message\u2026\" id=\"forminator-field-textarea-1_69ea1e9acae2e\" class=\"forminator-textarea\" rows=\"6\" style=\"--forminator-textarea-min-height:140px;\" maxlength=\"180\" ><\/textarea><span id=\"forminator-field-textarea-1_69ea1e9acae2e-description\" class=\"forminator-description\"><span data-limit=\"180\" data-type=\"characters\" data-editor=\"\">0 \/ 180<\/span><\/span><\/div><\/div><\/div><div class=\"forminator-row\"><\/div><input type=\"hidden\" name=\"referer_url\" value=\"\" \/><div class=\"forminator-row forminator-row-last\"><div class=\"forminator-col\"><div class=\"forminator-field\"><button class=\"forminator-button forminator-button-submit\">Envoyer le message<\/button><\/div><\/div><\/div><input type=\"hidden\" id=\"forminator_nonce\" name=\"forminator_nonce\" value=\"0bd976f681\" \/><input type=\"hidden\" name=\"_wp_http_referer\" value=\"\/fr\/wp-json\/wp\/v2\/pages\/15054\" \/><input type=\"hidden\" name=\"form_id\" value=\"15064\"><input type=\"hidden\" name=\"page_id\" value=\"15054\"><input type=\"hidden\" name=\"form_type\" value=\"default\"><input type=\"hidden\" name=\"current_url\" value=\"https:\/\/magiquetours.com\/fr\/translation-2\/\"><input type=\"hidden\" name=\"render_id\" value=\"0\"><input type=\"hidden\" name=\"action\" value=\"forminator_submit_form_custom-forms\"><input type=\"hidden\" name=\"trp-form-language\" value=\"fr\"\/><\/form><\/div>\n\t\t\t\t\t\t<\/div>\n\t\t\t\t<\/div>\n\t\t\t\t<\/div>\n\t\t\t\t\t<\/div>\n\t\t\t\t<\/div>\n\t\t\t\t<\/div>","protected":false},"excerpt":{"rendered":"<p>Translation At Magique Tours, we also offer a professional translation service to assist with your travel-related documents and beyond. Whether you need to translate personal documents for visa applications, official papers, or any other materials, our expert translators ensure accuracy and confidentiality. Our Translation Service Includes: Visa and immigration documents: We specialize in translating documents [&hellip;]<\/p>\n","protected":false},"author":4,"featured_media":0,"parent":0,"menu_order":0,"comment_status":"closed","ping_status":"closed","template":"","meta":{"nf_dc_page":"","inline_featured_image":false,"footnotes":""},"class_list":["post-15054","page","type-page","status-publish","hentry"],"yoast_head":"<!-- This site is optimized with the Yoast SEO plugin v27.4 - https:\/\/yoast.com\/product\/yoast-seo-wordpress\/ -->\n<title>Translation - Magique Tours<\/title>\n<meta name=\"robots\" content=\"index, follow, max-snippet:-1, max-image-preview:large, max-video-preview:-1\" \/>\n<link rel=\"canonical\" href=\"https:\/\/magiquetours.com\/fr\/translation-2\/\" \/>\n<meta property=\"og:locale\" content=\"fr_CA\" \/>\n<meta property=\"og:type\" content=\"article\" \/>\n<meta property=\"og:title\" content=\"Translation - Magique Tours\" \/>\n<meta property=\"og:description\" content=\"Translation At Magique Tours, we also offer a professional translation service to assist with your travel-related documents and beyond. Whether you need to translate personal documents for visa applications, official papers, or any other materials, our expert translators ensure accuracy and confidentiality. Our Translation Service Includes: Visa and immigration documents: We specialize in translating documents [&hellip;]\" \/>\n<meta property=\"og:url\" content=\"https:\/\/magiquetours.com\/fr\/translation-2\/\" \/>\n<meta property=\"og:site_name\" content=\"Magique Tours\" \/>\n<meta property=\"article:modified_time\" content=\"2024-10-18T14:09:25+00:00\" \/>\n<meta name=\"twitter:card\" content=\"summary_large_image\" \/>\n<meta name=\"twitter:label1\" content=\"Estimation du temps de lecture\" \/>\n\t<meta name=\"twitter:data1\" content=\"1 minute\" \/>\n<script type=\"application\/ld+json\" class=\"yoast-schema-graph\">{\"@context\":\"https:\\\/\\\/schema.org\",\"@graph\":[{\"@type\":\"WebPage\",\"@id\":\"https:\\\/\\\/magiquetours.com\\\/translation-2\\\/\",\"url\":\"https:\\\/\\\/magiquetours.com\\\/translation-2\\\/\",\"name\":\"Translation - Magique Tours\",\"isPartOf\":{\"@id\":\"https:\\\/\\\/magiquetours.com\\\/#website\"},\"datePublished\":\"2024-10-13T22:49:07+00:00\",\"dateModified\":\"2024-10-18T14:09:25+00:00\",\"breadcrumb\":{\"@id\":\"https:\\\/\\\/magiquetours.com\\\/translation-2\\\/#breadcrumb\"},\"inLanguage\":\"fr-CA\",\"potentialAction\":[{\"@type\":\"ReadAction\",\"target\":[\"https:\\\/\\\/magiquetours.com\\\/translation-2\\\/\"]}]},{\"@type\":\"BreadcrumbList\",\"@id\":\"https:\\\/\\\/magiquetours.com\\\/translation-2\\\/#breadcrumb\",\"itemListElement\":[{\"@type\":\"ListItem\",\"position\":1,\"name\":\"Home\",\"item\":\"https:\\\/\\\/magiquetours.com\\\/\"},{\"@type\":\"ListItem\",\"position\":2,\"name\":\"Translation\"}]},{\"@type\":\"WebSite\",\"@id\":\"https:\\\/\\\/magiquetours.com\\\/#website\",\"url\":\"https:\\\/\\\/magiquetours.com\\\/\",\"name\":\"Magique Tours\",\"description\":\"Travel\",\"publisher\":{\"@id\":\"https:\\\/\\\/magiquetours.com\\\/#organization\"},\"potentialAction\":[{\"@type\":\"SearchAction\",\"target\":{\"@type\":\"EntryPoint\",\"urlTemplate\":\"https:\\\/\\\/magiquetours.com\\\/?s={search_term_string}\"},\"query-input\":{\"@type\":\"PropertyValueSpecification\",\"valueRequired\":true,\"valueName\":\"search_term_string\"}}],\"inLanguage\":\"fr-CA\"},{\"@type\":\"Organization\",\"@id\":\"https:\\\/\\\/magiquetours.com\\\/#organization\",\"name\":\"Magique Tours\",\"url\":\"https:\\\/\\\/magiquetours.com\\\/\",\"logo\":{\"@type\":\"ImageObject\",\"inLanguage\":\"fr-CA\",\"@id\":\"https:\\\/\\\/magiquetours.com\\\/#\\\/schema\\\/logo\\\/image\\\/\",\"url\":\"https:\\\/\\\/magiquetours.com\\\/wp-content\\\/uploads\\\/2023\\\/04\\\/logo_magique.png\",\"contentUrl\":\"https:\\\/\\\/magiquetours.com\\\/wp-content\\\/uploads\\\/2023\\\/04\\\/logo_magique.png\",\"width\":196,\"height\":200,\"caption\":\"Magique Tours\"},\"image\":{\"@id\":\"https:\\\/\\\/magiquetours.com\\\/#\\\/schema\\\/logo\\\/image\\\/\"}}]}<\/script>\n<!-- \/ Yoast SEO plugin. -->","yoast_head_json":{"title":"Translation - Magique Tours","robots":{"index":"index","follow":"follow","max-snippet":"max-snippet:-1","max-image-preview":"max-image-preview:large","max-video-preview":"max-video-preview:-1"},"canonical":"https:\/\/magiquetours.com\/fr\/translation-2\/","og_locale":"fr_CA","og_type":"article","og_title":"Translation - Magique Tours","og_description":"Translation At Magique Tours, we also offer a professional translation service to assist with your travel-related documents and beyond. Whether you need to translate personal documents for visa applications, official papers, or any other materials, our expert translators ensure accuracy and confidentiality. Our Translation Service Includes: Visa and immigration documents: We specialize in translating documents [&hellip;]","og_url":"https:\/\/magiquetours.com\/fr\/translation-2\/","og_site_name":"Magique Tours","article_modified_time":"2024-10-18T14:09:25+00:00","twitter_card":"summary_large_image","twitter_misc":{"Estimation du temps de lecture":"1 minute"},"schema":{"@context":"https:\/\/schema.org","@graph":[{"@type":"WebPage","@id":"https:\/\/magiquetours.com\/translation-2\/","url":"https:\/\/magiquetours.com\/translation-2\/","name":"Translation - Magique Tours","isPartOf":{"@id":"https:\/\/magiquetours.com\/#website"},"datePublished":"2024-10-13T22:49:07+00:00","dateModified":"2024-10-18T14:09:25+00:00","breadcrumb":{"@id":"https:\/\/magiquetours.com\/translation-2\/#breadcrumb"},"inLanguage":"fr-CA","potentialAction":[{"@type":"ReadAction","target":["https:\/\/magiquetours.com\/translation-2\/"]}]},{"@type":"BreadcrumbList","@id":"https:\/\/magiquetours.com\/translation-2\/#breadcrumb","itemListElement":[{"@type":"ListItem","position":1,"name":"Home","item":"https:\/\/magiquetours.com\/"},{"@type":"ListItem","position":2,"name":"Translation"}]},{"@type":"WebSite","@id":"https:\/\/magiquetours.com\/#website","url":"https:\/\/magiquetours.com\/","name":"Magique Tours","description":"Voyage","publisher":{"@id":"https:\/\/magiquetours.com\/#organization"},"potentialAction":[{"@type":"SearchAction","target":{"@type":"EntryPoint","urlTemplate":"https:\/\/magiquetours.com\/?s={search_term_string}"},"query-input":{"@type":"PropertyValueSpecification","valueRequired":true,"valueName":"search_term_string"}}],"inLanguage":"fr-CA"},{"@type":"Organization","@id":"https:\/\/magiquetours.com\/#organization","name":"Magique Tours","url":"https:\/\/magiquetours.com\/","logo":{"@type":"ImageObject","inLanguage":"fr-CA","@id":"https:\/\/magiquetours.com\/#\/schema\/logo\/image\/","url":"https:\/\/magiquetours.com\/wp-content\/uploads\/2023\/04\/logo_magique.png","contentUrl":"https:\/\/magiquetours.com\/wp-content\/uploads\/2023\/04\/logo_magique.png","width":196,"height":200,"caption":"Magique Tours"},"image":{"@id":"https:\/\/magiquetours.com\/#\/schema\/logo\/image\/"}}]}},"_links":{"self":[{"href":"https:\/\/magiquetours.com\/fr\/wp-json\/wp\/v2\/pages\/15054","targetHints":{"allow":["GET"]}}],"collection":[{"href":"https:\/\/magiquetours.com\/fr\/wp-json\/wp\/v2\/pages"}],"about":[{"href":"https:\/\/magiquetours.com\/fr\/wp-json\/wp\/v2\/types\/page"}],"author":[{"embeddable":true,"href":"https:\/\/magiquetours.com\/fr\/wp-json\/wp\/v2\/users\/4"}],"replies":[{"embeddable":true,"href":"https:\/\/magiquetours.com\/fr\/wp-json\/wp\/v2\/comments?post=15054"}],"version-history":[{"count":22,"href":"https:\/\/magiquetours.com\/fr\/wp-json\/wp\/v2\/pages\/15054\/revisions"}],"predecessor-version":[{"id":15151,"href":"https:\/\/magiquetours.com\/fr\/wp-json\/wp\/v2\/pages\/15054\/revisions\/15151"}],"wp:attachment":[{"href":"https:\/\/magiquetours.com\/fr\/wp-json\/wp\/v2\/media?parent=15054"}],"curies":[{"name":"wp","href":"https:\/\/api.w.org\/{rel}","templated":true}]}}