{"id":15015,"date":"2024-10-13T17:49:07","date_gmt":"2024-10-13T22:49:07","guid":{"rendered":"https:\/\/magiquetours.com\/?page_id=15015"},"modified":"2024-10-14T16:53:01","modified_gmt":"2024-10-14T21:53:01","slug":"visa-processing-2","status":"publish","type":"page","link":"https:\/\/magiquetours.com\/fr\/visa-processing-2\/","title":{"rendered":"Traitement des visas"},"content":{"rendered":"<div data-elementor-type=\"wp-page\" data-elementor-id=\"15015\" class=\"elementor elementor-15015\" data-elementor-post-type=\"page\">\n\t\t\t\t\t\t<section class=\"elementor-section elementor-top-section elementor-element elementor-element-0ee8aff elementor-section-stretched elementor-section-boxed elementor-section-height-default elementor-section-height-default\" data-id=\"0ee8aff\" data-element_type=\"section\" data-e-type=\"section\" data-settings=\"{&quot;stretch_section&quot;:&quot;section-stretched&quot;,&quot;background_background&quot;:&quot;classic&quot;}\">\n\t\t\t\t\t\t\t<div class=\"elementor-background-overlay\"><\/div>\n\t\t\t\t\t\t\t<div class=\"elementor-container elementor-column-gap-default\">\n\t\t\t\t\t<div class=\"elementor-column elementor-col-100 elementor-top-column elementor-element elementor-element-967c31a\" data-id=\"967c31a\" data-element_type=\"column\" data-e-type=\"column\">\n\t\t\t<div class=\"elementor-widget-wrap elementor-element-populated\">\n\t\t\t\t\t\t<div class=\"elementor-element elementor-element-f09920d elementor-widget elementor-widget-heading\" data-id=\"f09920d\" data-element_type=\"widget\" data-e-type=\"widget\" data-widget_type=\"heading.default\">\n\t\t\t\t<div class=\"elementor-widget-container\">\n\t\t\t\t\t<h1 class=\"elementor-heading-title elementor-size-default\">Traitement des visas<\/h1>\t\t\t\t<\/div>\n\t\t\t\t<\/div>\n\t\t\t\t\t<\/div>\n\t\t<\/div>\n\t\t\t\t\t<\/div>\n\t\t<\/section>\n\t\t<div class=\"elementor-element elementor-element-11905f0 e-flex e-con-boxed e-con e-parent\" data-id=\"11905f0\" data-element_type=\"container\" data-e-type=\"container\">\n\t\t\t\t\t<div class=\"e-con-inner\">\n\t\t<div class=\"elementor-element elementor-element-35540bd e-con-full e-flex e-con e-child\" data-id=\"35540bd\" data-element_type=\"container\" data-e-type=\"container\">\n\t\t\t\t<div class=\"elementor-element elementor-element-9f37d3d elementor-widget elementor-widget-spacer\" data-id=\"9f37d3d\" data-element_type=\"widget\" data-e-type=\"widget\" data-widget_type=\"spacer.default\">\n\t\t\t\t<div class=\"elementor-widget-container\">\n\t\t\t\t\t\t\t<div class=\"elementor-spacer\">\n\t\t\t<div class=\"elementor-spacer-inner\"><\/div>\n\t\t<\/div>\n\t\t\t\t\t\t<\/div>\n\t\t\t\t<\/div>\n\t\t\t\t<div class=\"elementor-element elementor-element-c70e75c elementor-widget elementor-widget-text-editor\" data-id=\"c70e75c\" data-element_type=\"widget\" data-e-type=\"widget\" data-widget_type=\"text-editor.default\">\n\t\t\t\t<div class=\"elementor-widget-container\">\n\t\t\t\t\t\t\t\t\t<p>Notre agence de voyages, Magique Tours, propose une offre compl\u00e8te <strong>service de traitement des visas<\/strong> pour faciliter vos d\u00e9placements internationaux. Que vous ayez besoin d&#039;un visa touristique, d&#039;affaires ou autre, nous prenons en charge toutes les d\u00e9marches administratives.<\/p><h3>Ce que nous offrons :<\/h3><ul><li><strong>Conseil personnalis\u00e9<\/strong>: Nous vous guidons \u00e0 travers les exigences sp\u00e9cifiques de chaque pays, y compris les documents n\u00e9cessaires et les d\u00e9lais.<\/li><li><strong>Proc\u00e9dures simplifi\u00e9es<\/strong>: Nous nous occupons de la collecte des documents, du d\u00e9p\u00f4t de votre dossier et de son suivi jusqu'\u00e0 l'octroi de votre visa.<\/li><li><strong>Assistance rapide<\/strong>: Pour toutes questions ou probl\u00e8mes inattendus, notre \u00e9quipe est disponible pour vous accompagner tout au long du processus.<\/li><\/ul><p>En confiant vos formalit\u00e9s \u00e0 Magique Tours, vous gagnez du temps et voyagez l&#039;esprit tranquille.<\/p>\t\t\t\t\t\t\t\t<\/div>\n\t\t\t\t<\/div>\n\t\t\t\t<\/div>\n\t\t<div class=\"elementor-element elementor-element-90472f6 e-con-full e-flex e-con e-child\" data-id=\"90472f6\" data-element_type=\"container\" data-e-type=\"container\">\n\t\t<div class=\"elementor-element elementor-element-54f9f0b e-con-full e-flex e-con e-child\" data-id=\"54f9f0b\" data-element_type=\"container\" data-e-type=\"container\">\n\t\t\t\t<div class=\"elementor-element elementor-element-0ba50ec elementor-widget elementor-widget-heading\" data-id=\"0ba50ec\" data-element_type=\"widget\" data-e-type=\"widget\" data-widget_type=\"heading.default\">\n\t\t\t\t<div class=\"elementor-widget-container\">\n\t\t\t\t\t<h2 class=\"elementor-heading-title elementor-size-default\">Contactez-nous<\/h2>\t\t\t\t<\/div>\n\t\t\t\t<\/div>\n\t\t\t\t<\/div>\n\t\t\t\t<div class=\"elementor-element elementor-element-fb627dd elementor-widget elementor-widget-shortcode\" data-id=\"fb627dd\" data-element_type=\"widget\" data-e-type=\"widget\" data-widget_type=\"shortcode.default\">\n\t\t\t\t<div class=\"elementor-widget-container\">\n\t\t\t\t\t\t\t<div class=\"elementor-shortcode\"><div class=\"forminator-ui forminator-custom-form forminator-custom-form-15037 forminator-design--default forminator-enclosed forminator_ajax\" data-forminator-render=\"0\" data-form=\"forminator-module-15037\" data-uid=\"69ea0bfd52832\"><br\/><\/div><form\n\t\t\t\tid=\"forminator-module-15037\"\n\t\t\t\tclass=\"forminator-ui forminator-custom-form forminator-custom-form-15037 forminator-design--default forminator-enclosed forminator_ajax\"\n\t\t\t\tmethod=\"post\"\n\t\t\t\tdata-forminator-render=\"0\"\n\t\t\t\tdata-form-id=\"15037\"\n\t\t\t\t data-color-option=\"default\" data-design=\"default\" data-grid=\"enclosed\" style=\"display: none;\"\n\t\t\t\tdata-uid=\"69ea0bfd52832\" action=\"\"\n\t\t\t><div role=\"alert\" aria-live=\"polite\" class=\"forminator-response-message forminator-error\" aria-hidden=\"true\"><\/div><div class=\"forminator-row\"><div id=\"name-1\" class=\"forminator-field-name forminator-col forminator-col-12\"><div class=\"forminator-field\"><label for=\"forminator-field-name-1_69ea0bfd52832\" id=\"forminator-field-name-1_69ea0bfd52832-label\" class=\"forminator-label\">Nom <span class=\"forminator-required\">*<\/span><\/label><input type=\"text\" name=\"name-1\" value=\"\" placeholder=\"\" id=\"forminator-field-name-1_69ea0bfd52832\" class=\"forminator-input forminator-name--field\" aria-required=\"true\" autocomplete=\"name\" \/><\/div><\/div><\/div><div class=\"forminator-row\"><div id=\"email-1\" class=\"forminator-field-email forminator-col forminator-col-12\"><div class=\"forminator-field\"><label for=\"forminator-field-email-1_69ea0bfd52832\" id=\"forminator-field-email-1_69ea0bfd52832-label\" class=\"forminator-label\">E-mail <span class=\"forminator-required\">*<\/span><\/label><input type=\"email\" name=\"email-1\" value=\"\" placeholder=\"\" id=\"forminator-field-email-1_69ea0bfd52832\" class=\"forminator-input forminator-email--field\" data-required=\"true\" aria-required=\"true\" autocomplete=\"email\" \/><\/div><\/div><\/div><div class=\"forminator-row\"><div id=\"phone-1\" class=\"forminator-field-phone forminator-col forminator-col-12\"><div class=\"forminator-field\"><label for=\"forminator-field-phone-1_69ea0bfd52832\" id=\"forminator-field-phone-1_69ea0bfd52832-label\" class=\"forminator-label\">T\u00e9l\u00e9phone<\/label><input type=\"text\" name=\"phone-1\" value=\"\" placeholder=\"\" id=\"forminator-field-phone-1_69ea0bfd52832\" class=\"forminator-input forminator-field--phone\" data-required=\"\" aria-required=\"false\" autocomplete=\"off\" \/><\/div><\/div><\/div><div class=\"forminator-row\"><div id=\"address-1\" class=\"forminator-field-address forminator-col forminator-col-12\"><div class=\"forminator-row\"><div id=\"address-1-street_address\" class=\"forminator-col\"><div class=\"forminator-field\"><input type=\"text\" name=\"address-1-street_address\" placeholder=\"\" id=\"forminator-field-address-1-street_address_69ea0bfd52832\" class=\"forminator-input\" data-required=\"\" aria-required=\"false\" autocomplete=\"address-line1\" value=\"\" \/><\/div><\/div><\/div><div class=\"forminator-row\" data-multiple=\"true\"><div id=\"address-1-city\" class=\"forminator-col forminator-col-6\"><div class=\"forminator-field\"><input type=\"text\" name=\"address-1-city\" placeholder=\"\" id=\"forminator-field-address-1-city_69ea0bfd52832\" class=\"forminator-input\" data-required=\"\" aria-required=\"false\" autocomplete=\"address-level2\" value=\"\" \/><\/div><\/div><div id=\"address-1-state\" class=\"forminator-col forminator-col-6\"><div class=\"forminator-field\"><input type=\"text\" name=\"address-1-state\" placeholder=\"\" id=\"forminator-field-address-1-state_69ea0bfd52832\" class=\"forminator-input\" data-required=\"\" aria-required=\"false\" autocomplete=\"address-level1\" value=\"\" \/><\/div><\/div><\/div><div class=\"forminator-row\" data-multiple=\"false\"><div id=\"address-1-zip\" class=\"forminator-col forminator-col-12\"><div class=\"forminator-field\"><label for=\"forminator-field-address-1-zip_69ea0bfd52832\" id=\"forminator-field-address-1-zip_69ea0bfd52832-label\" class=\"forminator-label\">Code postal<\/label><input type=\"text\" name=\"address-1-zip\" placeholder=\"\" id=\"forminator-field-address-1-zip_69ea0bfd52832\" class=\"forminator-input\" autocomplete=\"postal-code\" value=\"\" \/><\/div><\/div><\/div><\/div><\/div><div class=\"forminator-row\"><div id=\"textarea-1\" class=\"forminator-field-textarea forminator-col forminator-col-12\"><div class=\"forminator-field\"><label for=\"forminator-field-textarea-1_69ea0bfd52832\" id=\"forminator-field-textarea-1_69ea0bfd52832-label\" class=\"forminator-label\">Message<\/label><textarea name=\"textarea-1\" placeholder=\"Votre message\u2026\" id=\"forminator-field-textarea-1_69ea0bfd52832\" class=\"forminator-textarea\" rows=\"6\" style=\"--forminator-textarea-min-height:140px;\" maxlength=\"180\" ><\/textarea><span id=\"forminator-field-textarea-1_69ea0bfd52832-description\" class=\"forminator-description\"><span data-limit=\"180\" data-type=\"characters\" data-editor=\"\">0 \/ 180<\/span><\/span><\/div><\/div><\/div><div class=\"forminator-row\"><\/div><input type=\"hidden\" name=\"referer_url\" value=\"\" \/><div class=\"forminator-row forminator-row-last\"><div class=\"forminator-col\"><div class=\"forminator-field\"><button class=\"forminator-button forminator-button-submit\">Envoyer le message<\/button><\/div><\/div><\/div><input type=\"hidden\" id=\"forminator_nonce\" name=\"forminator_nonce\" value=\"946cb5dc29\" \/><input type=\"hidden\" name=\"_wp_http_referer\" value=\"\/fr\/wp-json\/wp\/v2\/pages\/15015\" \/><input type=\"hidden\" name=\"form_id\" value=\"15037\"><input type=\"hidden\" name=\"page_id\" value=\"15015\"><input type=\"hidden\" name=\"form_type\" value=\"default\"><input type=\"hidden\" name=\"current_url\" value=\"https:\/\/magiquetours.com\/fr\/visa-processing-2\/\"><input type=\"hidden\" name=\"render_id\" value=\"0\"><input type=\"hidden\" name=\"action\" value=\"forminator_submit_form_custom-forms\"><input type=\"hidden\" name=\"trp-form-language\" value=\"fr\"\/><\/form><\/div>\n\t\t\t\t\t\t<\/div>\n\t\t\t\t<\/div>\n\t\t\t\t<\/div>\n\t\t\t\t\t<\/div>\n\t\t\t\t<\/div>\n\t\t\t\t<\/div>","protected":false},"excerpt":{"rendered":"<p>Visa processing Our travel agency, Magique Tours, offers a complete visa processing service to facilitate your international travels. Whether you need a tourist, business, or other types of visa, we handle all the administrative steps. What we offer: Personalized advice: We guide you through the specific requirements of each country, including the necessary documents and [&hellip;]<\/p>\n","protected":false},"author":4,"featured_media":0,"parent":0,"menu_order":0,"comment_status":"closed","ping_status":"closed","template":"","meta":{"nf_dc_page":"","inline_featured_image":false,"footnotes":""},"class_list":["post-15015","page","type-page","status-publish","hentry"],"yoast_head":"<!-- This site is optimized with the Yoast SEO plugin v27.4 - https:\/\/yoast.com\/product\/yoast-seo-wordpress\/ -->\n<title>Visa processing - Magique Tours<\/title>\n<meta name=\"robots\" content=\"index, follow, max-snippet:-1, max-image-preview:large, max-video-preview:-1\" \/>\n<link rel=\"canonical\" href=\"https:\/\/magiquetours.com\/fr\/visa-processing-2\/\" \/>\n<meta property=\"og:locale\" content=\"fr_CA\" \/>\n<meta property=\"og:type\" content=\"article\" \/>\n<meta property=\"og:title\" content=\"Visa processing - Magique Tours\" \/>\n<meta property=\"og:description\" content=\"Visa processing Our travel agency, Magique Tours, offers a complete visa processing service to facilitate your international travels. Whether you need a tourist, business, or other types of visa, we handle all the administrative steps. What we offer: Personalized advice: We guide you through the specific requirements of each country, including the necessary documents and [&hellip;]\" \/>\n<meta property=\"og:url\" content=\"https:\/\/magiquetours.com\/fr\/visa-processing-2\/\" \/>\n<meta property=\"og:site_name\" content=\"Magique Tours\" \/>\n<meta property=\"article:modified_time\" content=\"2024-10-14T21:53:01+00:00\" \/>\n<meta name=\"twitter:card\" content=\"summary_large_image\" \/>\n<meta name=\"twitter:label1\" content=\"Estimation du temps de lecture\" \/>\n\t<meta name=\"twitter:data1\" content=\"1 minute\" \/>\n<script type=\"application\/ld+json\" class=\"yoast-schema-graph\">{\"@context\":\"https:\\\/\\\/schema.org\",\"@graph\":[{\"@type\":\"WebPage\",\"@id\":\"https:\\\/\\\/magiquetours.com\\\/visa-processing-2\\\/\",\"url\":\"https:\\\/\\\/magiquetours.com\\\/visa-processing-2\\\/\",\"name\":\"Visa processing - Magique Tours\",\"isPartOf\":{\"@id\":\"https:\\\/\\\/magiquetours.com\\\/#website\"},\"datePublished\":\"2024-10-13T22:49:07+00:00\",\"dateModified\":\"2024-10-14T21:53:01+00:00\",\"breadcrumb\":{\"@id\":\"https:\\\/\\\/magiquetours.com\\\/visa-processing-2\\\/#breadcrumb\"},\"inLanguage\":\"fr-CA\",\"potentialAction\":[{\"@type\":\"ReadAction\",\"target\":[\"https:\\\/\\\/magiquetours.com\\\/visa-processing-2\\\/\"]}]},{\"@type\":\"BreadcrumbList\",\"@id\":\"https:\\\/\\\/magiquetours.com\\\/visa-processing-2\\\/#breadcrumb\",\"itemListElement\":[{\"@type\":\"ListItem\",\"position\":1,\"name\":\"Home\",\"item\":\"https:\\\/\\\/magiquetours.com\\\/\"},{\"@type\":\"ListItem\",\"position\":2,\"name\":\"Visa processing\"}]},{\"@type\":\"WebSite\",\"@id\":\"https:\\\/\\\/magiquetours.com\\\/#website\",\"url\":\"https:\\\/\\\/magiquetours.com\\\/\",\"name\":\"Magique Tours\",\"description\":\"Travel\",\"publisher\":{\"@id\":\"https:\\\/\\\/magiquetours.com\\\/#organization\"},\"potentialAction\":[{\"@type\":\"SearchAction\",\"target\":{\"@type\":\"EntryPoint\",\"urlTemplate\":\"https:\\\/\\\/magiquetours.com\\\/?s={search_term_string}\"},\"query-input\":{\"@type\":\"PropertyValueSpecification\",\"valueRequired\":true,\"valueName\":\"search_term_string\"}}],\"inLanguage\":\"fr-CA\"},{\"@type\":\"Organization\",\"@id\":\"https:\\\/\\\/magiquetours.com\\\/#organization\",\"name\":\"Magique Tours\",\"url\":\"https:\\\/\\\/magiquetours.com\\\/\",\"logo\":{\"@type\":\"ImageObject\",\"inLanguage\":\"fr-CA\",\"@id\":\"https:\\\/\\\/magiquetours.com\\\/#\\\/schema\\\/logo\\\/image\\\/\",\"url\":\"https:\\\/\\\/magiquetours.com\\\/wp-content\\\/uploads\\\/2023\\\/04\\\/logo_magique.png\",\"contentUrl\":\"https:\\\/\\\/magiquetours.com\\\/wp-content\\\/uploads\\\/2023\\\/04\\\/logo_magique.png\",\"width\":196,\"height\":200,\"caption\":\"Magique Tours\"},\"image\":{\"@id\":\"https:\\\/\\\/magiquetours.com\\\/#\\\/schema\\\/logo\\\/image\\\/\"}}]}<\/script>\n<!-- \/ Yoast SEO plugin. -->","yoast_head_json":{"title":"Visa processing - Magique Tours","robots":{"index":"index","follow":"follow","max-snippet":"max-snippet:-1","max-image-preview":"max-image-preview:large","max-video-preview":"max-video-preview:-1"},"canonical":"https:\/\/magiquetours.com\/fr\/visa-processing-2\/","og_locale":"fr_CA","og_type":"article","og_title":"Visa processing - Magique Tours","og_description":"Visa processing Our travel agency, Magique Tours, offers a complete visa processing service to facilitate your international travels. Whether you need a tourist, business, or other types of visa, we handle all the administrative steps. What we offer: Personalized advice: We guide you through the specific requirements of each country, including the necessary documents and [&hellip;]","og_url":"https:\/\/magiquetours.com\/fr\/visa-processing-2\/","og_site_name":"Magique Tours","article_modified_time":"2024-10-14T21:53:01+00:00","twitter_card":"summary_large_image","twitter_misc":{"Estimation du temps de lecture":"1 minute"},"schema":{"@context":"https:\/\/schema.org","@graph":[{"@type":"WebPage","@id":"https:\/\/magiquetours.com\/visa-processing-2\/","url":"https:\/\/magiquetours.com\/visa-processing-2\/","name":"Visa processing - Magique Tours","isPartOf":{"@id":"https:\/\/magiquetours.com\/#website"},"datePublished":"2024-10-13T22:49:07+00:00","dateModified":"2024-10-14T21:53:01+00:00","breadcrumb":{"@id":"https:\/\/magiquetours.com\/visa-processing-2\/#breadcrumb"},"inLanguage":"fr-CA","potentialAction":[{"@type":"ReadAction","target":["https:\/\/magiquetours.com\/visa-processing-2\/"]}]},{"@type":"BreadcrumbList","@id":"https:\/\/magiquetours.com\/visa-processing-2\/#breadcrumb","itemListElement":[{"@type":"ListItem","position":1,"name":"Home","item":"https:\/\/magiquetours.com\/"},{"@type":"ListItem","position":2,"name":"Visa processing"}]},{"@type":"WebSite","@id":"https:\/\/magiquetours.com\/#website","url":"https:\/\/magiquetours.com\/","name":"Magique Tours","description":"Voyage","publisher":{"@id":"https:\/\/magiquetours.com\/#organization"},"potentialAction":[{"@type":"SearchAction","target":{"@type":"EntryPoint","urlTemplate":"https:\/\/magiquetours.com\/?s={search_term_string}"},"query-input":{"@type":"PropertyValueSpecification","valueRequired":true,"valueName":"search_term_string"}}],"inLanguage":"fr-CA"},{"@type":"Organization","@id":"https:\/\/magiquetours.com\/#organization","name":"Magique Tours","url":"https:\/\/magiquetours.com\/","logo":{"@type":"ImageObject","inLanguage":"fr-CA","@id":"https:\/\/magiquetours.com\/#\/schema\/logo\/image\/","url":"https:\/\/magiquetours.com\/wp-content\/uploads\/2023\/04\/logo_magique.png","contentUrl":"https:\/\/magiquetours.com\/wp-content\/uploads\/2023\/04\/logo_magique.png","width":196,"height":200,"caption":"Magique Tours"},"image":{"@id":"https:\/\/magiquetours.com\/#\/schema\/logo\/image\/"}}]}},"_links":{"self":[{"href":"https:\/\/magiquetours.com\/fr\/wp-json\/wp\/v2\/pages\/15015","targetHints":{"allow":["GET"]}}],"collection":[{"href":"https:\/\/magiquetours.com\/fr\/wp-json\/wp\/v2\/pages"}],"about":[{"href":"https:\/\/magiquetours.com\/fr\/wp-json\/wp\/v2\/types\/page"}],"author":[{"embeddable":true,"href":"https:\/\/magiquetours.com\/fr\/wp-json\/wp\/v2\/users\/4"}],"replies":[{"embeddable":true,"href":"https:\/\/magiquetours.com\/fr\/wp-json\/wp\/v2\/comments?post=15015"}],"version-history":[{"count":28,"href":"https:\/\/magiquetours.com\/fr\/wp-json\/wp\/v2\/pages\/15015\/revisions"}],"predecessor-version":[{"id":15052,"href":"https:\/\/magiquetours.com\/fr\/wp-json\/wp\/v2\/pages\/15015\/revisions\/15052"}],"wp:attachment":[{"href":"https:\/\/magiquetours.com\/fr\/wp-json\/wp\/v2\/media?parent=15015"}],"curies":[{"name":"wp","href":"https:\/\/api.w.org\/{rel}","templated":true}]}}