{"id":14938,"date":"2024-10-13T17:49:07","date_gmt":"2024-10-13T22:49:07","guid":{"rendered":"https:\/\/magiquetours.com\/?page_id=14938"},"modified":"2024-10-14T16:51:56","modified_gmt":"2024-10-14T21:51:56","slug":"medical-tourism","status":"publish","type":"page","link":"https:\/\/magiquetours.com\/fr\/medical-tourism\/","title":{"rendered":"Tourisme m\u00e9dical"},"content":{"rendered":"<div data-elementor-type=\"wp-page\" data-elementor-id=\"14938\" class=\"elementor elementor-14938\" data-elementor-post-type=\"page\">\n\t\t\t\t\t\t<section class=\"elementor-section elementor-top-section elementor-element elementor-element-0ee8aff elementor-section-stretched elementor-section-boxed elementor-section-height-default elementor-section-height-default\" data-id=\"0ee8aff\" data-element_type=\"section\" data-e-type=\"section\" data-settings=\"{&quot;stretch_section&quot;:&quot;section-stretched&quot;,&quot;background_background&quot;:&quot;classic&quot;}\">\n\t\t\t\t\t\t\t<div class=\"elementor-background-overlay\"><\/div>\n\t\t\t\t\t\t\t<div class=\"elementor-container elementor-column-gap-default\">\n\t\t\t\t\t<div class=\"elementor-column elementor-col-100 elementor-top-column elementor-element elementor-element-967c31a\" data-id=\"967c31a\" data-element_type=\"column\" data-e-type=\"column\">\n\t\t\t<div class=\"elementor-widget-wrap elementor-element-populated\">\n\t\t\t\t\t\t<div class=\"elementor-element elementor-element-f09920d elementor-widget elementor-widget-heading\" data-id=\"f09920d\" data-element_type=\"widget\" data-e-type=\"widget\" data-widget_type=\"heading.default\">\n\t\t\t\t<div class=\"elementor-widget-container\">\n\t\t\t\t\t<h1 class=\"elementor-heading-title elementor-size-default\">Tourisme m\u00e9dical<\/h1>\t\t\t\t<\/div>\n\t\t\t\t<\/div>\n\t\t\t\t\t<\/div>\n\t\t<\/div>\n\t\t\t\t\t<\/div>\n\t\t<\/section>\n\t\t<div class=\"elementor-element elementor-element-11905f0 e-flex e-con-boxed e-con e-parent\" data-id=\"11905f0\" data-element_type=\"container\" data-e-type=\"container\">\n\t\t\t\t\t<div class=\"e-con-inner\">\n\t\t<div class=\"elementor-element elementor-element-35540bd e-con-full e-flex e-con e-child\" data-id=\"35540bd\" data-element_type=\"container\" data-e-type=\"container\">\n\t\t\t\t<div class=\"elementor-element elementor-element-c70e75c elementor-widget elementor-widget-text-editor\" data-id=\"c70e75c\" data-element_type=\"widget\" data-e-type=\"widget\" data-widget_type=\"text-editor.default\">\n\t\t\t\t<div class=\"elementor-widget-container\">\n\t\t\t\t\t\t\t\t\t<p>D\u00e9couvrez des soins m\u00e9dicaux de classe mondiale en Turquie. Notre agence vous accompagne \u00e0 chaque \u00e9tape, en vous proposant une exp\u00e9rience de sant\u00e9 unique alliant expertise m\u00e9dicale et confort. Qu&#039;il s&#039;agisse de soins dentaires complets, de greffes de cheveux ou de traitements contre l&#039;ob\u00e9sit\u00e9, nous vous assurons un parcours sans faille.<\/p><h3>Soins dentaires<\/h3><p>Nos cliniques partenaires en Turquie sont \u00e9quip\u00e9es de la technologie la plus avanc\u00e9e pour vous proposer des soins dentaires de haute qualit\u00e9, qu&#039;il s&#039;agisse d&#039;implants, de blanchiment ou de restaurations compl\u00e8tes. Vous b\u00e9n\u00e9ficierez de soins prodigu\u00e9s par des professionnels qualifi\u00e9s \u00e0 des prix comp\u00e9titifs.<\/p><h3>Greffe de cheveux<\/h3><p>Sp\u00e9cialis\u00e9es en greffes de cheveux, les cliniques avec lesquelles nous travaillons sont r\u00e9put\u00e9es pour leurs techniques innovantes, comme la m\u00e9thode FUE (Follicular Unit Extraction). Nos chirurgiens exp\u00e9riment\u00e9s assurent des r\u00e9sultats naturels et durables, avec un suivi personnalis\u00e9 tout au long du processus.<\/p><h3>Traitements de l&#039;ob\u00e9sit\u00e9<\/h3><p>Pour les personnes souffrant d&#039;ob\u00e9sit\u00e9, nous proposons des interventions sp\u00e9cialis\u00e9es telles que la sleeve gastrectomie ou le bypass gastrique, r\u00e9alis\u00e9es dans des h\u00f4pitaux agr\u00e9\u00e9s par des experts reconnus. Ces solutions m\u00e9dicales sont compl\u00e9t\u00e9es par un accompagnement di\u00e9t\u00e9tique et psychologique complet pour assurer une perte de poids saine et durable.<\/p><p>Notre \u00e9quipe s&#039;occupe de tout : de l&#039;organisation de votre voyage et de votre h\u00e9bergement dans des \u00e9tablissements de premier ordre \u00e0 la coordination des soins m\u00e9dicaux sur place. Avec notre soutien, vous pouvez vous concentrer sur votre bien-\u00eatre tout en d\u00e9couvrant les merveilles de la Turquie.<\/p>\t\t\t\t\t\t\t\t<\/div>\n\t\t\t\t<\/div>\n\t\t\t\t<\/div>\n\t\t<div class=\"elementor-element elementor-element-90472f6 e-con-full e-flex e-con e-child\" data-id=\"90472f6\" data-element_type=\"container\" data-e-type=\"container\">\n\t\t<div class=\"elementor-element elementor-element-9d616e7 e-con-full e-flex e-con e-child\" data-id=\"9d616e7\" data-element_type=\"container\" data-e-type=\"container\">\n\t\t\t\t<div class=\"elementor-element elementor-element-0166d7b elementor-arrows-position-inside elementor-pagination-position-outside elementor-widget elementor-widget-image-carousel\" data-id=\"0166d7b\" data-element_type=\"widget\" data-e-type=\"widget\" data-settings=\"{&quot;slides_to_show&quot;:&quot;3&quot;,&quot;navigation&quot;:&quot;both&quot;,&quot;autoplay&quot;:&quot;yes&quot;,&quot;pause_on_hover&quot;:&quot;yes&quot;,&quot;pause_on_interaction&quot;:&quot;yes&quot;,&quot;autoplay_speed&quot;:5000,&quot;infinite&quot;:&quot;yes&quot;,&quot;speed&quot;:500}\" data-widget_type=\"image-carousel.default\">\n\t\t\t\t<div class=\"elementor-widget-container\">\n\t\t\t\t\t\t\t<div class=\"elementor-image-carousel-wrapper swiper\" role=\"region\" aria-roledescription=\"carousel\" aria-label=\"Carrousel d&#039;images\" dir=\"ltr\">\n\t\t\t<div class=\"elementor-image-carousel swiper-wrapper\" aria-live=\"off\">\n\t\t\t\t\t\t\t\t<div class=\"swiper-slide\" role=\"group\" aria-roledescription=\"slide\" aria-label=\"1 of 3\"><figure class=\"swiper-slide-inner\"><img decoding=\"async\" class=\"swiper-slide-image\" src=\"https:\/\/magiquetours.com\/wp-content\/uploads\/2024\/10\/pexels-olly-3779709-scaled-e1728863208115-150x150.jpg\" alt=\"pexels-olly-3779709\" \/><\/figure><\/div><div class=\"swiper-slide\" role=\"group\" aria-roledescription=\"slide\" aria-label=\"2 of 3\"><figure class=\"swiper-slide-inner\"><img decoding=\"async\" class=\"swiper-slide-image\" src=\"https:\/\/magiquetours.com\/wp-content\/uploads\/2024\/10\/hair-8457142_640-e1728863254776-150x150.jpg\" alt=\"hair-8457142_640\" \/><\/figure><\/div><div class=\"swiper-slide\" role=\"group\" aria-roledescription=\"slide\" aria-label=\"3 of 3\"><figure class=\"swiper-slide-inner\"><img decoding=\"async\" class=\"swiper-slide-image\" src=\"https:\/\/magiquetours.com\/wp-content\/uploads\/2024\/10\/obese-woman-scaled-e1728863295730-150x150.jpg\" alt=\"Fat woman dieting, fitness. Portrait of obese woman working out in gym.\" \/><\/figure><\/div>\t\t\t<\/div>\n\t\t\t\t\t\t\t\t\t\t\t\t<div class=\"elementor-swiper-button elementor-swiper-button-prev\" role=\"button\" tabindex=\"0\">\n\t\t\t\t\t\t<svg aria-hidden=\"true\" class=\"e-font-icon-svg e-eicon-chevron-left\" viewbox=\"0 0 1000 1000\" xmlns=\"http:\/\/www.w3.org\/2000\/svg\"><path d=\"M646 125C629 125 613 133 604 142L308 442C296 454 292 471 292 487 292 504 296 521 308 533L604 854C617 867 629 875 646 875 663 875 679 871 692 858 704 846 713 829 713 812 713 796 708 779 692 767L438 487 692 225C700 217 708 204 708 187 708 171 704 154 692 142 675 129 663 125 646 125Z\"><\/path><\/svg>\t\t\t\t\t<\/div>\n\t\t\t\t\t<div class=\"elementor-swiper-button elementor-swiper-button-next\" role=\"button\" tabindex=\"0\">\n\t\t\t\t\t\t<svg aria-hidden=\"true\" class=\"e-font-icon-svg e-eicon-chevron-right\" viewbox=\"0 0 1000 1000\" xmlns=\"http:\/\/www.w3.org\/2000\/svg\"><path d=\"M696 533C708 521 713 504 713 487 713 471 708 454 696 446L400 146C388 133 375 125 354 125 338 125 325 129 313 142 300 154 292 171 292 187 292 204 296 221 308 233L563 492 304 771C292 783 288 800 288 817 288 833 296 850 308 863 321 871 338 875 354 875 371 875 388 867 400 854L696 533Z\"><\/path><\/svg>\t\t\t\t\t<\/div>\n\t\t\t\t\n\t\t\t\t\t\t\t\t\t<div class=\"swiper-pagination\"><\/div>\n\t\t\t\t\t\t\t\t\t<\/div>\n\t\t\t\t\t\t<\/div>\n\t\t\t\t<\/div>\n\t\t\t\t<\/div>\n\t\t<div class=\"elementor-element elementor-element-54f9f0b e-con-full e-flex e-con e-child\" data-id=\"54f9f0b\" data-element_type=\"container\" data-e-type=\"container\">\n\t\t\t\t<div class=\"elementor-element elementor-element-0ba50ec elementor-widget elementor-widget-heading\" data-id=\"0ba50ec\" data-element_type=\"widget\" data-e-type=\"widget\" data-widget_type=\"heading.default\">\n\t\t\t\t<div class=\"elementor-widget-container\">\n\t\t\t\t\t<h2 class=\"elementor-heading-title elementor-size-default\">Inscription<\/h2>\t\t\t\t<\/div>\n\t\t\t\t<\/div>\n\t\t\t\t<\/div>\n\t\t\t\t<div class=\"elementor-element elementor-element-fb627dd elementor-widget elementor-widget-shortcode\" data-id=\"fb627dd\" data-element_type=\"widget\" data-e-type=\"widget\" data-widget_type=\"shortcode.default\">\n\t\t\t\t<div class=\"elementor-widget-container\">\n\t\t\t\t\t\t\t<div class=\"elementor-shortcode\"><div class=\"forminator-ui forminator-custom-form forminator-custom-form-14959 forminator-design--default forminator-enclosed forminator_ajax\" data-forminator-render=\"0\" data-form=\"forminator-module-14959\" data-uid=\"69ea0be824154\"><br\/><\/div><form\n\t\t\t\tid=\"forminator-module-14959\"\n\t\t\t\tclass=\"forminator-ui forminator-custom-form forminator-custom-form-14959 forminator-design--default forminator-enclosed forminator_ajax\"\n\t\t\t\tmethod=\"post\"\n\t\t\t\tdata-forminator-render=\"0\"\n\t\t\t\tdata-form-id=\"14959\"\n\t\t\t\t data-color-option=\"default\" data-design=\"default\" data-grid=\"enclosed\" style=\"display: none;\"\n\t\t\t\tdata-uid=\"69ea0be824154\" action=\"\"\n\t\t\t><div role=\"alert\" aria-live=\"polite\" class=\"forminator-response-message forminator-error\" aria-hidden=\"true\"><\/div><div class=\"forminator-row\"><div id=\"select-1\" class=\"forminator-field-select forminator-col forminator-col-12\"><div class=\"forminator-field\"><label for=\"forminator-form-14959__field--select-1_69ea0be824154\" id=\"forminator-form-14959__field--select-1_69ea0be824154-label\" class=\"forminator-label\">Type de service m\u00e9dical<\/label><select  id=\"forminator-form-14959__field--select-1_69ea0be824154\" class=\"forminator-select--field forminator-select2 forminator-select2-multiple\" data-required=\"\" name=\"select-1\" data-default-value=\"\" data-hidden-behavior=\"zero\" data-placeholder=\"\" data-search=\"false\" data-search-placeholder=\"\" data-checkbox=\"false\" data-allow-clear=\"false\" aria-labelledby=\"forminator-form-14959__field--select-1_69ea0be824154-label\"><option value=\"Dental-Care\"  data-calculation=\"0\">Soins dentaires<\/option><option value=\"Hair-Transplant\"  data-calculation=\"0\">Greffe de cheveux<\/option><option value=\"Obesity-Treatments\"  data-calculation=\"0\">Traitements de l&#039;ob\u00e9sit\u00e9<\/option><\/select><\/div><\/div><\/div><div class=\"forminator-row\"><div id=\"name-1\" class=\"forminator-field-name forminator-col forminator-col-12\"><div class=\"forminator-field\"><label for=\"forminator-field-name-1_69ea0be824154\" id=\"forminator-field-name-1_69ea0be824154-label\" class=\"forminator-label\">Nom <span class=\"forminator-required\">*<\/span><\/label><input type=\"text\" name=\"name-1\" value=\"\" placeholder=\"\" id=\"forminator-field-name-1_69ea0be824154\" class=\"forminator-input forminator-name--field\" aria-required=\"true\" autocomplete=\"name\" \/><\/div><\/div><\/div><div class=\"forminator-row\"><div id=\"email-1\" class=\"forminator-field-email forminator-col forminator-col-12\"><div class=\"forminator-field\"><label for=\"forminator-field-email-1_69ea0be824154\" id=\"forminator-field-email-1_69ea0be824154-label\" class=\"forminator-label\">E-mail <span class=\"forminator-required\">*<\/span><\/label><input type=\"email\" name=\"email-1\" value=\"\" placeholder=\"\" id=\"forminator-field-email-1_69ea0be824154\" class=\"forminator-input forminator-email--field\" data-required=\"true\" aria-required=\"true\" autocomplete=\"email\" \/><\/div><\/div><\/div><div class=\"forminator-row\"><div id=\"phone-1\" class=\"forminator-field-phone forminator-col forminator-col-12\"><div class=\"forminator-field\"><label for=\"forminator-field-phone-1_69ea0be824154\" id=\"forminator-field-phone-1_69ea0be824154-label\" class=\"forminator-label\">T\u00e9l\u00e9phone<\/label><input type=\"text\" name=\"phone-1\" value=\"\" placeholder=\"\" id=\"forminator-field-phone-1_69ea0be824154\" class=\"forminator-input forminator-field--phone\" data-required=\"\" aria-required=\"false\" autocomplete=\"off\" \/><\/div><\/div><\/div><div class=\"forminator-row\"><div id=\"address-1\" class=\"forminator-field-address forminator-col forminator-col-12\"><div class=\"forminator-row\"><div id=\"address-1-street_address\" class=\"forminator-col\"><div class=\"forminator-field\"><input type=\"text\" name=\"address-1-street_address\" placeholder=\"\" id=\"forminator-field-address-1-street_address_69ea0be824154\" class=\"forminator-input\" data-required=\"\" aria-required=\"false\" autocomplete=\"address-line1\" value=\"\" \/><\/div><\/div><\/div><div class=\"forminator-row\" data-multiple=\"true\"><div id=\"address-1-city\" class=\"forminator-col forminator-col-6\"><div class=\"forminator-field\"><input type=\"text\" name=\"address-1-city\" placeholder=\"\" id=\"forminator-field-address-1-city_69ea0be824154\" class=\"forminator-input\" data-required=\"\" aria-required=\"false\" autocomplete=\"address-level2\" value=\"\" \/><\/div><\/div><div id=\"address-1-state\" class=\"forminator-col forminator-col-6\"><div class=\"forminator-field\"><input type=\"text\" name=\"address-1-state\" placeholder=\"\" id=\"forminator-field-address-1-state_69ea0be824154\" class=\"forminator-input\" data-required=\"\" aria-required=\"false\" autocomplete=\"address-level1\" value=\"\" \/><\/div><\/div><\/div><div class=\"forminator-row\" data-multiple=\"false\"><div id=\"address-1-zip\" class=\"forminator-col forminator-col-12\"><div class=\"forminator-field\"><label for=\"forminator-field-address-1-zip_69ea0be824154\" id=\"forminator-field-address-1-zip_69ea0be824154-label\" class=\"forminator-label\">Code postal<\/label><input type=\"text\" name=\"address-1-zip\" placeholder=\"\" id=\"forminator-field-address-1-zip_69ea0be824154\" class=\"forminator-input\" autocomplete=\"postal-code\" value=\"\" \/><\/div><\/div><\/div><\/div><\/div><div class=\"forminator-row\"><div id=\"textarea-1\" class=\"forminator-field-textarea forminator-col forminator-col-12\"><div class=\"forminator-field\"><label for=\"forminator-field-textarea-1_69ea0be824154\" id=\"forminator-field-textarea-1_69ea0be824154-label\" class=\"forminator-label\">Message<\/label><textarea name=\"textarea-1\" placeholder=\"Votre message\u2026\" id=\"forminator-field-textarea-1_69ea0be824154\" class=\"forminator-textarea\" rows=\"6\" style=\"--forminator-textarea-min-height:140px;\" maxlength=\"180\" ><\/textarea><span id=\"forminator-field-textarea-1_69ea0be824154-description\" class=\"forminator-description\"><span data-limit=\"180\" data-type=\"characters\" data-editor=\"\">0 \/ 180<\/span><\/span><\/div><\/div><\/div><div class=\"forminator-row\"><\/div><input type=\"hidden\" name=\"referer_url\" value=\"\" \/><div class=\"forminator-row forminator-row-last\"><div class=\"forminator-col\"><div class=\"forminator-field\"><button class=\"forminator-button forminator-button-submit\">Envoyer<\/button><\/div><\/div><\/div><input type=\"hidden\" id=\"forminator_nonce\" name=\"forminator_nonce\" value=\"306a5d0883\" \/><input type=\"hidden\" name=\"_wp_http_referer\" value=\"\/fr\/wp-json\/wp\/v2\/pages\/14938\" \/><input type=\"hidden\" name=\"form_id\" value=\"14959\"><input type=\"hidden\" name=\"page_id\" value=\"14938\"><input type=\"hidden\" name=\"form_type\" value=\"default\"><input type=\"hidden\" name=\"current_url\" value=\"https:\/\/magiquetours.com\/fr\/medical-tourism\/\"><input type=\"hidden\" name=\"render_id\" value=\"0\"><input type=\"hidden\" name=\"action\" value=\"forminator_submit_form_custom-forms\"><input type=\"hidden\" name=\"trp-form-language\" value=\"fr\"\/><\/form><\/div>\n\t\t\t\t\t\t<\/div>\n\t\t\t\t<\/div>\n\t\t\t\t<\/div>\n\t\t\t\t\t<\/div>\n\t\t\t\t<\/div>\n\t\t\t\t<\/div>","protected":false},"excerpt":{"rendered":"<p>Medical Tourism Discover world-class medical care in Turkey. Our agency supports you at every step, offering a unique health experience that combines medical expertise with comfort. Whether for comprehensive dental care, hair transplants, or obesity treatments, we ensure a seamless journey. Dental Care Our partner clinics in Turkey are equipped with the most advanced technology [&hellip;]<\/p>\n","protected":false},"author":4,"featured_media":0,"parent":0,"menu_order":0,"comment_status":"closed","ping_status":"closed","template":"","meta":{"nf_dc_page":"","inline_featured_image":false,"footnotes":""},"class_list":["post-14938","page","type-page","status-publish","hentry"],"yoast_head":"<!-- This site is optimized with the Yoast SEO plugin v27.4 - https:\/\/yoast.com\/product\/yoast-seo-wordpress\/ -->\n<title>Medical tourism - Magique Tours<\/title>\n<meta name=\"robots\" content=\"index, follow, max-snippet:-1, max-image-preview:large, max-video-preview:-1\" \/>\n<link rel=\"canonical\" href=\"https:\/\/magiquetours.com\/fr\/medical-tourism\/\" \/>\n<meta property=\"og:locale\" content=\"fr_CA\" \/>\n<meta property=\"og:type\" content=\"article\" \/>\n<meta property=\"og:title\" content=\"Medical tourism - Magique Tours\" \/>\n<meta property=\"og:description\" content=\"Medical Tourism Discover world-class medical care in Turkey. Our agency supports you at every step, offering a unique health experience that combines medical expertise with comfort. Whether for comprehensive dental care, hair transplants, or obesity treatments, we ensure a seamless journey. Dental Care Our partner clinics in Turkey are equipped with the most advanced technology [&hellip;]\" \/>\n<meta property=\"og:url\" content=\"https:\/\/magiquetours.com\/fr\/medical-tourism\/\" \/>\n<meta property=\"og:site_name\" content=\"Magique Tours\" \/>\n<meta property=\"article:modified_time\" content=\"2024-10-14T21:51:56+00:00\" \/>\n<meta property=\"og:image\" content=\"https:\/\/magiquetours.com\/wp-content\/uploads\/2024\/10\/pexels-olly-3779709-scaled-e1728863208115-150x150.jpg\" \/>\n<meta name=\"twitter:card\" content=\"summary_large_image\" \/>\n<meta name=\"twitter:label1\" content=\"Estimation du temps de lecture\" \/>\n\t<meta name=\"twitter:data1\" content=\"3 minutes\" \/>\n<script type=\"application\/ld+json\" class=\"yoast-schema-graph\">{\"@context\":\"https:\\\/\\\/schema.org\",\"@graph\":[{\"@type\":\"WebPage\",\"@id\":\"https:\\\/\\\/magiquetours.com\\\/medical-tourism\\\/\",\"url\":\"https:\\\/\\\/magiquetours.com\\\/medical-tourism\\\/\",\"name\":\"Medical tourism - Magique Tours\",\"isPartOf\":{\"@id\":\"https:\\\/\\\/magiquetours.com\\\/#website\"},\"primaryImageOfPage\":{\"@id\":\"https:\\\/\\\/magiquetours.com\\\/medical-tourism\\\/#primaryimage\"},\"image\":{\"@id\":\"https:\\\/\\\/magiquetours.com\\\/medical-tourism\\\/#primaryimage\"},\"thumbnailUrl\":\"https:\\\/\\\/magiquetours.com\\\/wp-content\\\/uploads\\\/2024\\\/10\\\/pexels-olly-3779709-scaled-e1728863208115-150x150.jpg\",\"datePublished\":\"2024-10-13T22:49:07+00:00\",\"dateModified\":\"2024-10-14T21:51:56+00:00\",\"breadcrumb\":{\"@id\":\"https:\\\/\\\/magiquetours.com\\\/medical-tourism\\\/#breadcrumb\"},\"inLanguage\":\"fr-CA\",\"potentialAction\":[{\"@type\":\"ReadAction\",\"target\":[\"https:\\\/\\\/magiquetours.com\\\/medical-tourism\\\/\"]}]},{\"@type\":\"ImageObject\",\"inLanguage\":\"fr-CA\",\"@id\":\"https:\\\/\\\/magiquetours.com\\\/medical-tourism\\\/#primaryimage\",\"url\":\"https:\\\/\\\/magiquetours.com\\\/wp-content\\\/uploads\\\/2024\\\/10\\\/pexels-olly-3779709-scaled-e1728863208115-150x150.jpg\",\"contentUrl\":\"https:\\\/\\\/magiquetours.com\\\/wp-content\\\/uploads\\\/2024\\\/10\\\/pexels-olly-3779709-scaled-e1728863208115-150x150.jpg\"},{\"@type\":\"BreadcrumbList\",\"@id\":\"https:\\\/\\\/magiquetours.com\\\/medical-tourism\\\/#breadcrumb\",\"itemListElement\":[{\"@type\":\"ListItem\",\"position\":1,\"name\":\"Home\",\"item\":\"https:\\\/\\\/magiquetours.com\\\/\"},{\"@type\":\"ListItem\",\"position\":2,\"name\":\"Medical tourism\"}]},{\"@type\":\"WebSite\",\"@id\":\"https:\\\/\\\/magiquetours.com\\\/#website\",\"url\":\"https:\\\/\\\/magiquetours.com\\\/\",\"name\":\"Magique Tours\",\"description\":\"Travel\",\"publisher\":{\"@id\":\"https:\\\/\\\/magiquetours.com\\\/#organization\"},\"potentialAction\":[{\"@type\":\"SearchAction\",\"target\":{\"@type\":\"EntryPoint\",\"urlTemplate\":\"https:\\\/\\\/magiquetours.com\\\/?s={search_term_string}\"},\"query-input\":{\"@type\":\"PropertyValueSpecification\",\"valueRequired\":true,\"valueName\":\"search_term_string\"}}],\"inLanguage\":\"fr-CA\"},{\"@type\":\"Organization\",\"@id\":\"https:\\\/\\\/magiquetours.com\\\/#organization\",\"name\":\"Magique Tours\",\"url\":\"https:\\\/\\\/magiquetours.com\\\/\",\"logo\":{\"@type\":\"ImageObject\",\"inLanguage\":\"fr-CA\",\"@id\":\"https:\\\/\\\/magiquetours.com\\\/#\\\/schema\\\/logo\\\/image\\\/\",\"url\":\"https:\\\/\\\/magiquetours.com\\\/wp-content\\\/uploads\\\/2023\\\/04\\\/logo_magique.png\",\"contentUrl\":\"https:\\\/\\\/magiquetours.com\\\/wp-content\\\/uploads\\\/2023\\\/04\\\/logo_magique.png\",\"width\":196,\"height\":200,\"caption\":\"Magique Tours\"},\"image\":{\"@id\":\"https:\\\/\\\/magiquetours.com\\\/#\\\/schema\\\/logo\\\/image\\\/\"}}]}<\/script>\n<!-- \/ Yoast SEO plugin. -->","yoast_head_json":{"title":"Medical tourism - Magique Tours","robots":{"index":"index","follow":"follow","max-snippet":"max-snippet:-1","max-image-preview":"max-image-preview:large","max-video-preview":"max-video-preview:-1"},"canonical":"https:\/\/magiquetours.com\/fr\/medical-tourism\/","og_locale":"fr_CA","og_type":"article","og_title":"Medical tourism - Magique Tours","og_description":"Medical Tourism Discover world-class medical care in Turkey. Our agency supports you at every step, offering a unique health experience that combines medical expertise with comfort. Whether for comprehensive dental care, hair transplants, or obesity treatments, we ensure a seamless journey. Dental Care Our partner clinics in Turkey are equipped with the most advanced technology [&hellip;]","og_url":"https:\/\/magiquetours.com\/fr\/medical-tourism\/","og_site_name":"Magique Tours","article_modified_time":"2024-10-14T21:51:56+00:00","og_image":[{"url":"https:\/\/magiquetours.com\/wp-content\/uploads\/2024\/10\/pexels-olly-3779709-scaled-e1728863208115-150x150.jpg","type":"","width":"","height":""}],"twitter_card":"summary_large_image","twitter_misc":{"Estimation du temps de lecture":"3 minutes"},"schema":{"@context":"https:\/\/schema.org","@graph":[{"@type":"WebPage","@id":"https:\/\/magiquetours.com\/medical-tourism\/","url":"https:\/\/magiquetours.com\/medical-tourism\/","name":"Medical tourism - Magique Tours","isPartOf":{"@id":"https:\/\/magiquetours.com\/#website"},"primaryImageOfPage":{"@id":"https:\/\/magiquetours.com\/medical-tourism\/#primaryimage"},"image":{"@id":"https:\/\/magiquetours.com\/medical-tourism\/#primaryimage"},"thumbnailUrl":"https:\/\/magiquetours.com\/wp-content\/uploads\/2024\/10\/pexels-olly-3779709-scaled-e1728863208115-150x150.jpg","datePublished":"2024-10-13T22:49:07+00:00","dateModified":"2024-10-14T21:51:56+00:00","breadcrumb":{"@id":"https:\/\/magiquetours.com\/medical-tourism\/#breadcrumb"},"inLanguage":"fr-CA","potentialAction":[{"@type":"ReadAction","target":["https:\/\/magiquetours.com\/medical-tourism\/"]}]},{"@type":"ImageObject","inLanguage":"fr-CA","@id":"https:\/\/magiquetours.com\/medical-tourism\/#primaryimage","url":"https:\/\/magiquetours.com\/wp-content\/uploads\/2024\/10\/pexels-olly-3779709-scaled-e1728863208115-150x150.jpg","contentUrl":"https:\/\/magiquetours.com\/wp-content\/uploads\/2024\/10\/pexels-olly-3779709-scaled-e1728863208115-150x150.jpg"},{"@type":"BreadcrumbList","@id":"https:\/\/magiquetours.com\/medical-tourism\/#breadcrumb","itemListElement":[{"@type":"ListItem","position":1,"name":"Home","item":"https:\/\/magiquetours.com\/"},{"@type":"ListItem","position":2,"name":"Medical tourism"}]},{"@type":"WebSite","@id":"https:\/\/magiquetours.com\/#website","url":"https:\/\/magiquetours.com\/","name":"Magique Tours","description":"Voyage","publisher":{"@id":"https:\/\/magiquetours.com\/#organization"},"potentialAction":[{"@type":"SearchAction","target":{"@type":"EntryPoint","urlTemplate":"https:\/\/magiquetours.com\/?s={search_term_string}"},"query-input":{"@type":"PropertyValueSpecification","valueRequired":true,"valueName":"search_term_string"}}],"inLanguage":"fr-CA"},{"@type":"Organization","@id":"https:\/\/magiquetours.com\/#organization","name":"Magique Tours","url":"https:\/\/magiquetours.com\/","logo":{"@type":"ImageObject","inLanguage":"fr-CA","@id":"https:\/\/magiquetours.com\/#\/schema\/logo\/image\/","url":"https:\/\/magiquetours.com\/wp-content\/uploads\/2023\/04\/logo_magique.png","contentUrl":"https:\/\/magiquetours.com\/wp-content\/uploads\/2023\/04\/logo_magique.png","width":196,"height":200,"caption":"Magique Tours"},"image":{"@id":"https:\/\/magiquetours.com\/#\/schema\/logo\/image\/"}}]}},"_links":{"self":[{"href":"https:\/\/magiquetours.com\/fr\/wp-json\/wp\/v2\/pages\/14938","targetHints":{"allow":["GET"]}}],"collection":[{"href":"https:\/\/magiquetours.com\/fr\/wp-json\/wp\/v2\/pages"}],"about":[{"href":"https:\/\/magiquetours.com\/fr\/wp-json\/wp\/v2\/types\/page"}],"author":[{"embeddable":true,"href":"https:\/\/magiquetours.com\/fr\/wp-json\/wp\/v2\/users\/4"}],"replies":[{"embeddable":true,"href":"https:\/\/magiquetours.com\/fr\/wp-json\/wp\/v2\/comments?post=14938"}],"version-history":[{"count":58,"href":"https:\/\/magiquetours.com\/fr\/wp-json\/wp\/v2\/pages\/14938\/revisions"}],"predecessor-version":[{"id":15049,"href":"https:\/\/magiquetours.com\/fr\/wp-json\/wp\/v2\/pages\/14938\/revisions\/15049"}],"wp:attachment":[{"href":"https:\/\/magiquetours.com\/fr\/wp-json\/wp\/v2\/media?parent=14938"}],"curies":[{"name":"wp","href":"https:\/\/api.w.org\/{rel}","templated":true}]}}